{"id":4915,"date":"2025-04-25T09:42:16","date_gmt":"2025-04-25T07:42:16","guid":{"rendered":"https:\/\/carlosgaraicoa.com\/galleries\/"},"modified":"2025-06-06T10:19:28","modified_gmt":"2025-06-06T08:19:28","slug":"galleries","status":"publish","type":"page","link":"https:\/\/carlosgaraicoa.com\/en\/galleries\/","title":{"rendered":"Galleries"},"content":{"rendered":"\t\t<div data-elementor-type=\"wp-page\" data-elementor-id=\"4915\" class=\"elementor elementor-4915 elementor-1152\" data-elementor-post-type=\"page\">\n\t\t\t\t<div class=\"elementor-element elementor-element-bf26ac6 e-con-full e-flex e-con e-parent\" data-id=\"bf26ac6\" data-element_type=\"container\" data-e-type=\"container\">\n\t\t<div class=\"elementor-element elementor-element-2a6cacf e-con-full elementor-hidden-tablet elementor-hidden-mobile e-flex e-con e-child\" data-id=\"2a6cacf\" data-element_type=\"container\" data-e-type=\"container\">\n\t\t\t\t<\/div>\n\t\t<div class=\"elementor-element elementor-element-023184e e-con-full e-flex e-con e-child\" data-id=\"023184e\" data-element_type=\"container\" data-e-type=\"container\" data-settings=\"{&quot;background_background&quot;:&quot;classic&quot;}\">\n\t\t<div class=\"elementor-element elementor-element-f01ea76 e-con-full e-flex e-con e-child\" data-id=\"f01ea76\" data-element_type=\"container\" data-e-type=\"container\" data-settings=\"{&quot;background_background&quot;:&quot;classic&quot;}\">\n\t\t\t\t<div class=\"elementor-element elementor-element-85085e1 elementor-widget elementor-widget-image\" data-id=\"85085e1\" data-element_type=\"widget\" data-e-type=\"widget\" data-widget_type=\"image.default\">\n\t\t\t\t<div class=\"elementor-widget-container\">\n\t\t\t\t\t\t\t\t\t\t\t\t\t\t\t\t<a href=\"https:\/\/www.galleriacontinua.com\/\" target=\"_blank\">\n\t\t\t\t\t\t\t<img fetchpriority=\"high\" decoding=\"async\" width=\"800\" height=\"475\" src=\"https:\/\/carlosgaraicoa.com\/wp-content\/uploads\/2025\/04\/logo-galeria-continua-e1745566830934-1024x608.jpg\" class=\"attachment-large size-large wp-image-4916\" alt=\"\" srcset=\"https:\/\/carlosgaraicoa.com\/wp-content\/uploads\/2025\/04\/logo-galeria-continua-e1745566830934-1024x608.jpg 1024w, https:\/\/carlosgaraicoa.com\/wp-content\/uploads\/2025\/04\/logo-galeria-continua-e1745566830934-300x178.jpg 300w, https:\/\/carlosgaraicoa.com\/wp-content\/uploads\/2025\/04\/logo-galeria-continua-e1745566830934-768x456.jpg 768w, https:\/\/carlosgaraicoa.com\/wp-content\/uploads\/2025\/04\/logo-galeria-continua-e1745566830934.jpg 1133w\" sizes=\"(max-width: 800px) 100vw, 800px\" \/>\t\t\t\t\t\t\t\t<\/a>\n\t\t\t\t\t\t\t\t\t\t\t\t\t\t\t<\/div>\n\t\t\t\t<\/div>\n\t\t\t\t<\/div>\n\t\t\t\t<div class=\"elementor-element elementor-element-1176d4f elementor-widget elementor-widget-text-editor\" data-id=\"1176d4f\" data-element_type=\"widget\" data-e-type=\"widget\" data-widget_type=\"text-editor.default\">\n\t\t\t\t<div class=\"elementor-widget-container\">\n\t\t\t\t\t\t\t\t\t<p><a href=\"https:\/\/www.galleriacontinua.com\/\" target=\"_blank\" rel=\"noopener\"><span style=\"text-decoration: underline;\">Galleria Continua<\/span><\/a><\/p>\t\t\t\t\t\t\t\t<\/div>\n\t\t\t\t<\/div>\n\t\t\t\t<\/div>\n\t\t<div class=\"elementor-element elementor-element-b29cfd1 e-con-full e-flex e-con e-child\" data-id=\"b29cfd1\" data-element_type=\"container\" data-e-type=\"container\" data-settings=\"{&quot;background_background&quot;:&quot;classic&quot;}\">\n\t\t<div class=\"elementor-element elementor-element-bf65798 e-con-full e-flex e-con e-child\" data-id=\"bf65798\" data-element_type=\"container\" data-e-type=\"container\" data-settings=\"{&quot;background_background&quot;:&quot;classic&quot;}\">\n\t\t\t\t<div class=\"elementor-element elementor-element-5b4a3ea elementor-widget elementor-widget-image\" data-id=\"5b4a3ea\" data-element_type=\"widget\" data-e-type=\"widget\" data-widget_type=\"image.default\">\n\t\t\t\t<div class=\"elementor-widget-container\">\n\t\t\t\t\t\t\t\t\t\t\t\t\t\t\t\t<a href=\"https:\/\/elbabenitez.com\/es\/\" target=\"_blank\">\n\t\t\t\t\t\t\t<img decoding=\"async\" width=\"800\" height=\"484\" src=\"https:\/\/carlosgaraicoa.com\/wp-content\/uploads\/2025\/04\/logo-galeria-elba-benitez.jpg\" class=\"attachment-large size-large wp-image-4917\" alt=\"\" srcset=\"https:\/\/carlosgaraicoa.com\/wp-content\/uploads\/2025\/04\/logo-galeria-elba-benitez.jpg 1024w, https:\/\/carlosgaraicoa.com\/wp-content\/uploads\/2025\/04\/logo-galeria-elba-benitez-300x182.jpg 300w, https:\/\/carlosgaraicoa.com\/wp-content\/uploads\/2025\/04\/logo-galeria-elba-benitez-768x465.jpg 768w\" sizes=\"(max-width: 800px) 100vw, 800px\" \/>\t\t\t\t\t\t\t\t<\/a>\n\t\t\t\t\t\t\t\t\t\t\t\t\t\t\t<\/div>\n\t\t\t\t<\/div>\n\t\t\t\t<\/div>\n\t\t\t\t<div class=\"elementor-element elementor-element-d62f3a6 elementor-widget elementor-widget-text-editor\" data-id=\"d62f3a6\" data-element_type=\"widget\" data-e-type=\"widget\" data-widget_type=\"text-editor.default\">\n\t\t\t\t<div class=\"elementor-widget-container\">\n\t\t\t\t\t\t\t\t\t<p><a href=\"https:\/\/elbabenitez.com\/es\/\" target=\"_blank\" rel=\"noopener\"><span style=\"text-decoration: underline;\">Galer\u00eda Elba Ben\u00edtez<\/span><\/a><\/p>\t\t\t\t\t\t\t\t<\/div>\n\t\t\t\t<\/div>\n\t\t\t\t<\/div>\n\t\t<div class=\"elementor-element elementor-element-4aab251 e-con-full e-flex e-con e-child\" data-id=\"4aab251\" data-element_type=\"container\" data-e-type=\"container\" data-settings=\"{&quot;background_background&quot;:&quot;classic&quot;}\">\n\t\t<div class=\"elementor-element elementor-element-68ef146 e-con-full e-flex e-con e-child\" data-id=\"68ef146\" data-element_type=\"container\" data-e-type=\"container\" data-settings=\"{&quot;background_background&quot;:&quot;classic&quot;}\">\n\t\t\t\t<div class=\"elementor-element elementor-element-db6d33f elementor-widget elementor-widget-image\" data-id=\"db6d33f\" data-element_type=\"widget\" data-e-type=\"widget\" data-widget_type=\"image.default\">\n\t\t\t\t<div class=\"elementor-widget-container\">\n\t\t\t\t\t\t\t\t\t\t\t\t\t\t\t\t<a href=\"https:\/\/www.gfilomenasoares.com\/\" target=\"_blank\">\n\t\t\t\t\t\t\t<img decoding=\"async\" width=\"800\" height=\"484\" src=\"https:\/\/carlosgaraicoa.com\/wp-content\/uploads\/2025\/04\/logo-galeria-filomena-soares.jpg\" class=\"attachment-large size-large wp-image-4918\" alt=\"\" srcset=\"https:\/\/carlosgaraicoa.com\/wp-content\/uploads\/2025\/04\/logo-galeria-filomena-soares.jpg 1024w, https:\/\/carlosgaraicoa.com\/wp-content\/uploads\/2025\/04\/logo-galeria-filomena-soares-300x182.jpg 300w, https:\/\/carlosgaraicoa.com\/wp-content\/uploads\/2025\/04\/logo-galeria-filomena-soares-768x465.jpg 768w\" sizes=\"(max-width: 800px) 100vw, 800px\" \/>\t\t\t\t\t\t\t\t<\/a>\n\t\t\t\t\t\t\t\t\t\t\t\t\t\t\t<\/div>\n\t\t\t\t<\/div>\n\t\t\t\t<\/div>\n\t\t\t\t<div class=\"elementor-element elementor-element-c03a8ae elementor-widget elementor-widget-text-editor\" data-id=\"c03a8ae\" data-element_type=\"widget\" data-e-type=\"widget\" data-widget_type=\"text-editor.default\">\n\t\t\t\t<div class=\"elementor-widget-container\">\n\t\t\t\t\t\t\t\t\t<p><a href=\"https:\/\/www.gfilomenasoares.com\/\" target=\"_blank\" rel=\"noopener\"><span style=\"text-decoration: underline;\">Galer\u00eda Filomena Soares<\/span><\/a><\/p>\t\t\t\t\t\t\t\t<\/div>\n\t\t\t\t<\/div>\n\t\t\t\t<\/div>\n\t\t<div class=\"elementor-element elementor-element-3d98b56 e-con-full elementor-hidden-tablet elementor-hidden-mobile e-flex e-con e-child\" data-id=\"3d98b56\" data-element_type=\"container\" data-e-type=\"container\">\n\t\t\t\t<\/div>\n\t\t\t\t<\/div>\n\t\t<div class=\"elementor-element elementor-element-aef8117 e-con-full e-flex e-con e-parent\" data-id=\"aef8117\" data-element_type=\"container\" data-e-type=\"container\">\n\t\t<div class=\"elementor-element elementor-element-cad7ca9 e-con-full elementor-hidden-tablet elementor-hidden-mobile e-flex e-con e-child\" data-id=\"cad7ca9\" data-element_type=\"container\" data-e-type=\"container\">\n\t\t\t\t<\/div>\n\t\t<div class=\"elementor-element elementor-element-5571546 e-con-full e-flex e-con e-child\" data-id=\"5571546\" data-element_type=\"container\" data-e-type=\"container\" data-settings=\"{&quot;background_background&quot;:&quot;classic&quot;}\">\n\t\t<div class=\"elementor-element elementor-element-0863372 e-con-full e-flex e-con e-child\" data-id=\"0863372\" data-element_type=\"container\" data-e-type=\"container\" data-settings=\"{&quot;background_background&quot;:&quot;classic&quot;}\">\n\t\t\t\t<div class=\"elementor-element elementor-element-d4af011 elementor-widget elementor-widget-image\" data-id=\"d4af011\" data-element_type=\"widget\" data-e-type=\"widget\" data-widget_type=\"image.default\">\n\t\t\t\t<div class=\"elementor-widget-container\">\n\t\t\t\t\t\t\t\t\t\t\t\t\t\t\t\t<a href=\"https:\/\/www.goodman-gallery.com\/\" target=\"_blank\">\n\t\t\t\t\t\t\t<img loading=\"lazy\" decoding=\"async\" width=\"800\" height=\"484\" src=\"https:\/\/carlosgaraicoa.com\/wp-content\/uploads\/2025\/04\/logo-goodman-gallery.jpg\" class=\"attachment-large size-large wp-image-4919\" alt=\"\" srcset=\"https:\/\/carlosgaraicoa.com\/wp-content\/uploads\/2025\/04\/logo-goodman-gallery.jpg 1024w, https:\/\/carlosgaraicoa.com\/wp-content\/uploads\/2025\/04\/logo-goodman-gallery-300x182.jpg 300w, https:\/\/carlosgaraicoa.com\/wp-content\/uploads\/2025\/04\/logo-goodman-gallery-768x465.jpg 768w\" sizes=\"(max-width: 800px) 100vw, 800px\" \/>\t\t\t\t\t\t\t\t<\/a>\n\t\t\t\t\t\t\t\t\t\t\t\t\t\t\t<\/div>\n\t\t\t\t<\/div>\n\t\t\t\t<\/div>\n\t\t\t\t<div class=\"elementor-element elementor-element-6568897 elementor-widget elementor-widget-text-editor\" data-id=\"6568897\" data-element_type=\"widget\" data-e-type=\"widget\" data-widget_type=\"text-editor.default\">\n\t\t\t\t<div class=\"elementor-widget-container\">\n\t\t\t\t\t\t\t\t\t<p><span style=\"text-decoration: underline;\"><a href=\"https:\/\/www.goodman-gallery.com\/\" target=\"_blank\" rel=\"noopener\">Goodman Gallery<\/a><\/span><\/p>\t\t\t\t\t\t\t\t<\/div>\n\t\t\t\t<\/div>\n\t\t\t\t<\/div>\n\t\t<div class=\"elementor-element elementor-element-df7ffad e-con-full e-flex e-con e-child\" data-id=\"df7ffad\" data-element_type=\"container\" data-e-type=\"container\" data-settings=\"{&quot;background_background&quot;:&quot;classic&quot;}\">\n\t\t<div class=\"elementor-element elementor-element-bd778e0 e-con-full e-flex e-con e-child\" data-id=\"bd778e0\" data-element_type=\"container\" data-e-type=\"container\" data-settings=\"{&quot;background_background&quot;:&quot;classic&quot;}\">\n\t\t\t\t<div class=\"elementor-element elementor-element-0ae280d elementor-widget elementor-widget-image\" data-id=\"0ae280d\" data-element_type=\"widget\" data-e-type=\"widget\" data-widget_type=\"image.default\">\n\t\t\t\t<div class=\"elementor-widget-container\">\n\t\t\t\t\t\t\t\t\t\t\t\t\t\t\t\t<a href=\"https:\/\/almeidaedale.com.br\/en\/\" target=\"_blank\">\n\t\t\t\t\t\t\t<img loading=\"lazy\" decoding=\"async\" width=\"800\" height=\"482\" src=\"https:\/\/carlosgaraicoa.com\/wp-content\/uploads\/2025\/04\/logo-almeida-and-dale-e1745567100741-1024x617.jpg\" class=\"attachment-large size-large wp-image-4920\" alt=\"\" srcset=\"https:\/\/carlosgaraicoa.com\/wp-content\/uploads\/2025\/04\/logo-almeida-and-dale-e1745567100741-1024x617.jpg 1024w, https:\/\/carlosgaraicoa.com\/wp-content\/uploads\/2025\/04\/logo-almeida-and-dale-e1745567100741-300x181.jpg 300w, https:\/\/carlosgaraicoa.com\/wp-content\/uploads\/2025\/04\/logo-almeida-and-dale-e1745567100741-768x463.jpg 768w, https:\/\/carlosgaraicoa.com\/wp-content\/uploads\/2025\/04\/logo-almeida-and-dale-e1745567100741.jpg 1145w\" sizes=\"(max-width: 800px) 100vw, 800px\" \/>\t\t\t\t\t\t\t\t<\/a>\n\t\t\t\t\t\t\t\t\t\t\t\t\t\t\t<\/div>\n\t\t\t\t<\/div>\n\t\t\t\t<\/div>\n\t\t\t\t<div class=\"elementor-element elementor-element-0b02a57 elementor-widget elementor-widget-text-editor\" data-id=\"0b02a57\" data-element_type=\"widget\" data-e-type=\"widget\" data-widget_type=\"text-editor.default\">\n\t\t\t\t<div class=\"elementor-widget-container\">\n\t\t\t\t\t\t\t\t\t<p><a href=\"https:\/\/almeidaedale.com.br\/en\/\" target=\"_blank\" rel=\"noopener\"><span style=\"text-decoration: underline;\">Almeida &amp; Bale<\/span><\/a><\/p>\t\t\t\t\t\t\t\t<\/div>\n\t\t\t\t<\/div>\n\t\t\t\t<\/div>\n\t\t<div class=\"elementor-element elementor-element-ea25d95 e-con-full elementor-hidden-tablet elementor-hidden-mobile e-flex e-con e-child\" data-id=\"ea25d95\" data-element_type=\"container\" data-e-type=\"container\">\n\t\t\t\t<\/div>\n\t\t\t\t<\/div>\n\t\t\t\t<\/div>\n\t\t","protected":false},"excerpt":{"rendered":"<p>Galleria Continua Galer\u00eda Elba Ben\u00edtez Galer\u00eda Filomena Soares Goodman Gallery Almeida &amp; Bale<\/p>\n","protected":false},"author":2,"featured_media":0,"parent":0,"menu_order":0,"comment_status":"closed","ping_status":"closed","template":"","meta":{"_acf_changed":false,"footnotes":""},"class_list":["post-4915","page","type-page","status-publish","hentry"],"acf":[],"yoast_head":"<!-- This site is optimized with the Yoast SEO plugin v27.2 - https:\/\/yoast.com\/product\/yoast-seo-wordpress\/ -->\n<title>Galleries - Estudio Carlos Garaicoa<\/title>\n<meta name=\"robots\" content=\"index, follow, max-snippet:-1, max-image-preview:large, max-video-preview:-1\" \/>\n<link rel=\"canonical\" href=\"https:\/\/carlosgaraicoa.com\/en\/galleries\/\" \/>\n<meta property=\"og:locale\" content=\"en_US\" \/>\n<meta property=\"og:type\" content=\"article\" \/>\n<meta property=\"og:title\" content=\"Galleries - Estudio Carlos Garaicoa\" \/>\n<meta property=\"og:description\" content=\"Galleria Continua Galer\u00eda Elba Ben\u00edtez Galer\u00eda Filomena Soares Goodman Gallery Almeida &amp; Bale\" \/>\n<meta property=\"og:url\" content=\"https:\/\/carlosgaraicoa.com\/en\/galleries\/\" \/>\n<meta property=\"og:site_name\" content=\"Estudio Carlos Garaicoa\" \/>\n<meta property=\"article:modified_time\" content=\"2025-06-06T08:19:28+00:00\" \/>\n<meta property=\"og:image\" content=\"https:\/\/carlosgaraicoa.com\/wp-content\/uploads\/2025\/04\/logo-galeria-continua-e1745566830934.jpg\" \/>\n\t<meta property=\"og:image:width\" content=\"1133\" \/>\n\t<meta property=\"og:image:height\" content=\"673\" \/>\n\t<meta property=\"og:image:type\" content=\"image\/jpeg\" \/>\n<meta name=\"twitter:card\" content=\"summary_large_image\" \/>\n<script type=\"application\/ld+json\" class=\"yoast-schema-graph\">{\"@context\":\"https:\/\/schema.org\",\"@graph\":[{\"@type\":\"WebPage\",\"@id\":\"https:\/\/carlosgaraicoa.com\/en\/galleries\/\",\"url\":\"https:\/\/carlosgaraicoa.com\/en\/galleries\/\",\"name\":\"Galleries - Estudio Carlos Garaicoa\",\"isPartOf\":{\"@id\":\"https:\/\/carlosgaraicoa.com\/en\/#website\"},\"primaryImageOfPage\":{\"@id\":\"https:\/\/carlosgaraicoa.com\/en\/galleries\/#primaryimage\"},\"image\":{\"@id\":\"https:\/\/carlosgaraicoa.com\/en\/galleries\/#primaryimage\"},\"thumbnailUrl\":\"https:\/\/carlosgaraicoa.com\/wp-content\/uploads\/2025\/04\/logo-galeria-continua-e1745566830934-1024x608.jpg\",\"datePublished\":\"2025-04-25T07:42:16+00:00\",\"dateModified\":\"2025-06-06T08:19:28+00:00\",\"breadcrumb\":{\"@id\":\"https:\/\/carlosgaraicoa.com\/en\/galleries\/#breadcrumb\"},\"inLanguage\":\"en-US\",\"potentialAction\":[{\"@type\":\"ReadAction\",\"target\":[\"https:\/\/carlosgaraicoa.com\/en\/galleries\/\"]}]},{\"@type\":\"ImageObject\",\"inLanguage\":\"en-US\",\"@id\":\"https:\/\/carlosgaraicoa.com\/en\/galleries\/#primaryimage\",\"url\":\"https:\/\/carlosgaraicoa.com\/wp-content\/uploads\/2025\/04\/logo-galeria-continua-e1745566830934-1024x608.jpg\",\"contentUrl\":\"https:\/\/carlosgaraicoa.com\/wp-content\/uploads\/2025\/04\/logo-galeria-continua-e1745566830934-1024x608.jpg\"},{\"@type\":\"BreadcrumbList\",\"@id\":\"https:\/\/carlosgaraicoa.com\/en\/galleries\/#breadcrumb\",\"itemListElement\":[{\"@type\":\"ListItem\",\"position\":1,\"name\":\"Portada\",\"item\":\"https:\/\/carlosgaraicoa.com\/en\/\"},{\"@type\":\"ListItem\",\"position\":2,\"name\":\"Galleries\"}]},{\"@type\":\"WebSite\",\"@id\":\"https:\/\/carlosgaraicoa.com\/en\/#website\",\"url\":\"https:\/\/carlosgaraicoa.com\/en\/\",\"name\":\"Estudio Carlos Garaicoa\",\"description\":\"\",\"publisher\":{\"@id\":\"https:\/\/carlosgaraicoa.com\/en\/#organization\"},\"potentialAction\":[{\"@type\":\"SearchAction\",\"target\":{\"@type\":\"EntryPoint\",\"urlTemplate\":\"https:\/\/carlosgaraicoa.com\/en\/?s={search_term_string}\"},\"query-input\":{\"@type\":\"PropertyValueSpecification\",\"valueRequired\":true,\"valueName\":\"search_term_string\"}}],\"inLanguage\":\"en-US\"},{\"@type\":\"Organization\",\"@id\":\"https:\/\/carlosgaraicoa.com\/en\/#organization\",\"name\":\"Estudio Carlos Garaicoa\",\"url\":\"https:\/\/carlosgaraicoa.com\/en\/\",\"logo\":{\"@type\":\"ImageObject\",\"inLanguage\":\"en-US\",\"@id\":\"https:\/\/carlosgaraicoa.com\/en\/#\/schema\/logo\/image\/\",\"url\":\"https:\/\/carlosgaraicoa.com\/wp-content\/uploads\/2025\/04\/Group-25.png\",\"contentUrl\":\"https:\/\/carlosgaraicoa.com\/wp-content\/uploads\/2025\/04\/Group-25.png\",\"width\":167,\"height\":45,\"caption\":\"Estudio Carlos Garaicoa\"},\"image\":{\"@id\":\"https:\/\/carlosgaraicoa.com\/en\/#\/schema\/logo\/image\/\"}}]}<\/script>\n<!-- \/ Yoast SEO plugin. -->","yoast_head_json":{"title":"Galleries - Estudio Carlos Garaicoa","robots":{"index":"index","follow":"follow","max-snippet":"max-snippet:-1","max-image-preview":"max-image-preview:large","max-video-preview":"max-video-preview:-1"},"canonical":"https:\/\/carlosgaraicoa.com\/en\/galleries\/","og_locale":"en_US","og_type":"article","og_title":"Galleries - Estudio Carlos Garaicoa","og_description":"Galleria Continua Galer\u00eda Elba Ben\u00edtez Galer\u00eda Filomena Soares Goodman Gallery Almeida &amp; Bale","og_url":"https:\/\/carlosgaraicoa.com\/en\/galleries\/","og_site_name":"Estudio Carlos Garaicoa","article_modified_time":"2025-06-06T08:19:28+00:00","og_image":[{"width":1133,"height":673,"url":"https:\/\/carlosgaraicoa.com\/wp-content\/uploads\/2025\/04\/logo-galeria-continua-e1745566830934.jpg","type":"image\/jpeg"}],"twitter_card":"summary_large_image","schema":{"@context":"https:\/\/schema.org","@graph":[{"@type":"WebPage","@id":"https:\/\/carlosgaraicoa.com\/en\/galleries\/","url":"https:\/\/carlosgaraicoa.com\/en\/galleries\/","name":"Galleries - Estudio Carlos Garaicoa","isPartOf":{"@id":"https:\/\/carlosgaraicoa.com\/en\/#website"},"primaryImageOfPage":{"@id":"https:\/\/carlosgaraicoa.com\/en\/galleries\/#primaryimage"},"image":{"@id":"https:\/\/carlosgaraicoa.com\/en\/galleries\/#primaryimage"},"thumbnailUrl":"https:\/\/carlosgaraicoa.com\/wp-content\/uploads\/2025\/04\/logo-galeria-continua-e1745566830934-1024x608.jpg","datePublished":"2025-04-25T07:42:16+00:00","dateModified":"2025-06-06T08:19:28+00:00","breadcrumb":{"@id":"https:\/\/carlosgaraicoa.com\/en\/galleries\/#breadcrumb"},"inLanguage":"en-US","potentialAction":[{"@type":"ReadAction","target":["https:\/\/carlosgaraicoa.com\/en\/galleries\/"]}]},{"@type":"ImageObject","inLanguage":"en-US","@id":"https:\/\/carlosgaraicoa.com\/en\/galleries\/#primaryimage","url":"https:\/\/carlosgaraicoa.com\/wp-content\/uploads\/2025\/04\/logo-galeria-continua-e1745566830934-1024x608.jpg","contentUrl":"https:\/\/carlosgaraicoa.com\/wp-content\/uploads\/2025\/04\/logo-galeria-continua-e1745566830934-1024x608.jpg"},{"@type":"BreadcrumbList","@id":"https:\/\/carlosgaraicoa.com\/en\/galleries\/#breadcrumb","itemListElement":[{"@type":"ListItem","position":1,"name":"Portada","item":"https:\/\/carlosgaraicoa.com\/en\/"},{"@type":"ListItem","position":2,"name":"Galleries"}]},{"@type":"WebSite","@id":"https:\/\/carlosgaraicoa.com\/en\/#website","url":"https:\/\/carlosgaraicoa.com\/en\/","name":"Estudio Carlos Garaicoa","description":"","publisher":{"@id":"https:\/\/carlosgaraicoa.com\/en\/#organization"},"potentialAction":[{"@type":"SearchAction","target":{"@type":"EntryPoint","urlTemplate":"https:\/\/carlosgaraicoa.com\/en\/?s={search_term_string}"},"query-input":{"@type":"PropertyValueSpecification","valueRequired":true,"valueName":"search_term_string"}}],"inLanguage":"en-US"},{"@type":"Organization","@id":"https:\/\/carlosgaraicoa.com\/en\/#organization","name":"Estudio Carlos Garaicoa","url":"https:\/\/carlosgaraicoa.com\/en\/","logo":{"@type":"ImageObject","inLanguage":"en-US","@id":"https:\/\/carlosgaraicoa.com\/en\/#\/schema\/logo\/image\/","url":"https:\/\/carlosgaraicoa.com\/wp-content\/uploads\/2025\/04\/Group-25.png","contentUrl":"https:\/\/carlosgaraicoa.com\/wp-content\/uploads\/2025\/04\/Group-25.png","width":167,"height":45,"caption":"Estudio Carlos Garaicoa"},"image":{"@id":"https:\/\/carlosgaraicoa.com\/en\/#\/schema\/logo\/image\/"}}]}},"_links":{"self":[{"href":"https:\/\/carlosgaraicoa.com\/en\/wp-json\/wp\/v2\/pages\/4915","targetHints":{"allow":["GET"]}}],"collection":[{"href":"https:\/\/carlosgaraicoa.com\/en\/wp-json\/wp\/v2\/pages"}],"about":[{"href":"https:\/\/carlosgaraicoa.com\/en\/wp-json\/wp\/v2\/types\/page"}],"author":[{"embeddable":true,"href":"https:\/\/carlosgaraicoa.com\/en\/wp-json\/wp\/v2\/users\/2"}],"replies":[{"embeddable":true,"href":"https:\/\/carlosgaraicoa.com\/en\/wp-json\/wp\/v2\/comments?post=4915"}],"version-history":[{"count":1,"href":"https:\/\/carlosgaraicoa.com\/en\/wp-json\/wp\/v2\/pages\/4915\/revisions"}],"predecessor-version":[{"id":4921,"href":"https:\/\/carlosgaraicoa.com\/en\/wp-json\/wp\/v2\/pages\/4915\/revisions\/4921"}],"wp:attachment":[{"href":"https:\/\/carlosgaraicoa.com\/en\/wp-json\/wp\/v2\/media?parent=4915"}],"curies":[{"name":"wp","href":"https:\/\/api.w.org\/{rel}","templated":true}]}}