{"id":4899,"date":"2025-04-22T11:12:58","date_gmt":"2025-04-22T09:12:58","guid":{"rendered":"https:\/\/carlosgaraicoa.com\/el-estudio\/"},"modified":"2025-06-06T10:18:09","modified_gmt":"2025-06-06T08:18:09","slug":"el-estudio","status":"publish","type":"page","link":"https:\/\/carlosgaraicoa.com\/en\/el-estudio\/","title":{"rendered":"El Estudio"},"content":{"rendered":"\t\t<div data-elementor-type=\"wp-page\" data-elementor-id=\"4899\" class=\"elementor elementor-4899 elementor-259\" data-elementor-post-type=\"page\">\n\t\t\t\t<div class=\"elementor-element elementor-element-9922adc e-con-full e-flex e-con e-parent\" data-id=\"9922adc\" data-element_type=\"container\" data-e-type=\"container\">\n\t\t<div class=\"elementor-element elementor-element-dece42d e-con-full e-flex e-con e-child\" data-id=\"dece42d\" data-element_type=\"container\" data-e-type=\"container\">\n\t\t\t\t<div class=\"elementor-element elementor-element-3a9e7e0 elementor-widget elementor-widget-heading\" data-id=\"3a9e7e0\" data-element_type=\"widget\" data-e-type=\"widget\" data-widget_type=\"heading.default\">\n\t\t\t\t<div class=\"elementor-widget-container\">\n\t\t\t\t\t<h1 class=\"elementor-heading-title elementor-size-default\">El Estudio<\/h1>\t\t\t\t<\/div>\n\t\t\t\t<\/div>\n\t\t\t\t<div class=\"elementor-element elementor-element-59c48ca elementor-widget elementor-widget-text-editor\" data-id=\"59c48ca\" data-element_type=\"widget\" data-e-type=\"widget\" data-widget_type=\"text-editor.default\">\n\t\t\t\t<div class=\"elementor-widget-container\">\n\t\t\t\t\t\t\t\t\t<p>Junto a la labor de producci\u00f3n y promoci\u00f3n de la obra de Carlos Garaicoa, el estudio desarrolla anualmente otro grupo de actividades &#8211; Open Studios, charlas, conferencias, presentaciones de libros- con el objetivo de apoyar el arte emergente y el contexto cultural en general.<\/p><p>Buscamos crear una plataforma de intercambio desenfadado con el p\u00fablico, una experiencia horizontal, antijer\u00e1rquica y experimental en el espacio del taller de un artista -un punto fuera del circuito formal de exhibici\u00f3n.<\/p><p>Nuestros ESTUDIOS ABIERTOS, surgidos en 2007 en Madrid y que este 2025 cumplen su vig\u00e9sima segunda edici\u00f3n se han convertido en una cita recurrente para el p\u00fablico de arte local e internacional que asiste cada a\u00f1o a la Feria de ARCO.<\/p>\t\t\t\t\t\t\t\t<\/div>\n\t\t\t\t<\/div>\n\t\t<div class=\"elementor-element elementor-element-93da6ec e-con-full e-flex e-con e-child\" data-id=\"93da6ec\" data-element_type=\"container\" data-e-type=\"container\">\n\t\t\t\t<div class=\"elementor-element elementor-element-7775112 elementor-widget elementor-widget-button\" data-id=\"7775112\" data-element_type=\"widget\" data-e-type=\"widget\" data-widget_type=\"button.default\">\n\t\t\t\t<div class=\"elementor-widget-container\">\n\t\t\t\t\t\t\t\t\t<div class=\"elementor-button-wrapper\">\n\t\t\t\t\t<a class=\"elementor-button elementor-button-link elementor-size-sm\" href=\"https:\/\/carlosgaraicoa.com\/en\/open-studio\/\" id=\"enlaces-estudio\">\n\t\t\t\t\t\t<span class=\"elementor-button-content-wrapper\">\n\t\t\t\t\t\t\t\t\t<span class=\"elementor-button-text\">ESTUDIO ABIERTO<\/span>\n\t\t\t\t\t<\/span>\n\t\t\t\t\t<\/a>\n\t\t\t\t<\/div>\n\t\t\t\t\t\t\t\t<\/div>\n\t\t\t\t<\/div>\n\t\t\t\t<div class=\"elementor-element elementor-element-d6a8aa9 elementor-widget elementor-widget-button\" data-id=\"d6a8aa9\" data-element_type=\"widget\" data-e-type=\"widget\" data-widget_type=\"button.default\">\n\t\t\t\t<div class=\"elementor-widget-container\">\n\t\t\t\t\t\t\t\t\t<div class=\"elementor-button-wrapper\">\n\t\t\t\t\t<a class=\"elementor-button elementor-button-link elementor-size-sm\" href=\"https:\/\/carlosgaraicoa.com\/en\/charlas-con-paella\/\" id=\"enlaces-estudio\">\n\t\t\t\t\t\t<span class=\"elementor-button-content-wrapper\">\n\t\t\t\t\t\t\t\t\t<span class=\"elementor-button-text\">CHARLAS CON PAELLA<\/span>\n\t\t\t\t\t<\/span>\n\t\t\t\t\t<\/a>\n\t\t\t\t<\/div>\n\t\t\t\t\t\t\t\t<\/div>\n\t\t\t\t<\/div>\n\t\t\t\t<div class=\"elementor-element elementor-element-90a08c1 elementor-widget elementor-widget-button\" data-id=\"90a08c1\" data-element_type=\"widget\" data-e-type=\"widget\" data-widget_type=\"button.default\">\n\t\t\t\t<div class=\"elementor-widget-container\">\n\t\t\t\t\t\t\t\t\t<div class=\"elementor-button-wrapper\">\n\t\t\t\t\t<a class=\"elementor-button elementor-button-link elementor-size-sm\" href=\"#\" id=\"enlaces-estudio\">\n\t\t\t\t\t\t<span class=\"elementor-button-content-wrapper\">\n\t\t\t\t\t\t\t\t\t<span class=\"elementor-button-text\">OTROS PROYECTOS<\/span>\n\t\t\t\t\t<\/span>\n\t\t\t\t\t<\/a>\n\t\t\t\t<\/div>\n\t\t\t\t\t\t\t\t<\/div>\n\t\t\t\t<\/div>\n\t\t\t\t<\/div>\n\t\t\t\t<\/div>\n\t\t<div class=\"elementor-element elementor-element-e6279eb e-flex e-con-boxed e-con e-child\" data-id=\"e6279eb\" data-element_type=\"container\" data-e-type=\"container\">\n\t\t\t\t\t<div class=\"e-con-inner\">\n\t\t\t\t<div class=\"elementor-element elementor-element-399652a elementor--h-position-center elementor--v-position-middle elementor-widget elementor-widget-slides\" data-id=\"399652a\" data-element_type=\"widget\" data-e-type=\"widget\" data-settings=\"{&quot;navigation&quot;:&quot;none&quot;,&quot;autoplay&quot;:&quot;yes&quot;,&quot;autoplay_speed&quot;:5000,&quot;infinite&quot;:&quot;yes&quot;,&quot;transition&quot;:&quot;slide&quot;,&quot;transition_speed&quot;:500}\" data-widget_type=\"slides.default\">\n\t\t\t\t<div class=\"elementor-widget-container\">\n\t\t\t\t\t\t\t\t\t<div class=\"elementor-swiper\">\n\t\t\t\t\t<div class=\"elementor-slides-wrapper elementor-main-swiper swiper\" role=\"region\" aria-roledescription=\"carousel\" aria-label=\"Diapositivas\" dir=\"ltr\" data-animation=\"\">\n\t\t\t\t<div class=\"swiper-wrapper elementor-slides\">\n\t\t\t\t\t\t\t\t\t\t<div class=\"elementor-repeater-item-8c1775f swiper-slide\" role=\"group\" aria-roledescription=\"slide\"><div class=\"swiper-slide-bg\" role=\"img\" aria-label=\"El Estudio\"><\/div><div class=\"swiper-slide-inner\" ><div class=\"swiper-slide-contents\"><\/div><\/div><\/div><div class=\"elementor-repeater-item-41dc4de swiper-slide\" role=\"group\" aria-roledescription=\"slide\"><div class=\"swiper-slide-bg\" role=\"img\" aria-label=\"el-estudio-2\"><\/div><div class=\"swiper-slide-inner\" ><div class=\"swiper-slide-contents\"><\/div><\/div><\/div><div class=\"elementor-repeater-item-e26d6a5 swiper-slide\" role=\"group\" aria-roledescription=\"slide\"><div class=\"swiper-slide-bg\" role=\"img\" aria-label=\"el-estudio-3\"><\/div><div class=\"swiper-slide-inner\" ><div class=\"swiper-slide-contents\"><\/div><\/div><\/div>\t\t\t\t<\/div>\n\t\t\t\t\t\t\t\t\t\t\t\t\t\t\t\t\t\t\t\t\t<\/div>\n\t\t\t\t<\/div>\n\t\t\t\t\t\t\t\t<\/div>\n\t\t\t\t<\/div>\n\t\t\t\t\t<\/div>\n\t\t\t\t<\/div>\n\t\t\t\t<\/div>\n\t\t<div class=\"elementor-element elementor-element-3981607 e-flex e-con-boxed e-con e-parent\" data-id=\"3981607\" data-element_type=\"container\" data-e-type=\"container\" data-settings=\"{&quot;background_background&quot;:&quot;classic&quot;}\">\n\t\t\t\t\t<div class=\"e-con-inner\">\n\t\t\t\t<div class=\"elementor-element elementor-element-9b2b1bc elementor-widget elementor-widget-text-editor\" data-id=\"9b2b1bc\" data-element_type=\"widget\" data-e-type=\"widget\" data-widget_type=\"text-editor.default\">\n\t\t\t\t<div class=\"elementor-widget-container\">\n\t\t\t\t\t\t\t\t\t<p><strong>(\u2026) en cualquier caso, llama la atenci\u00f3n la denominaci\u00f3n de estas exposiciones y del espacio en s\u00ed del open studio bajo la f\u00f3rmula del \u201c2.0, 3.0\u2026\u201d, extrapolada de la filosof\u00eda de la web 2.0, para aludir a un entorno de trabajo y visibilizaci\u00f3n colaborativo, compartido, horizontal, que desplaza la can\u00f3nica mediaci\u00f3n de agentes especializados del campo art\u00edstico, por el acceso directo y dialogado del p\u00fablico. Un foro de intercambio entre artistas de una larga e importante trayectoria con productores emergentes. Se podr\u00eda entrever tambi\u00e9n que los Open Studio nacen como un encuentro de artistas que conforman una comunidad, donde se comparten intereses, discusiones est\u00e9ticas, maneras de asumir la creaci\u00f3n, afectos y reconocimiento rec\u00edproco por el trabajo y la experiencia profesional del otro, algo que desde siempre se ha respirado en las atm\u00f3sferas de las tertulias intelectuales en los Talleres (\u2026)<\/strong><\/p>\t\t\t\t\t\t\t\t<\/div>\n\t\t\t\t<\/div>\n\t\t\t\t<div class=\"elementor-element elementor-element-a6fb6c8 elementor-widget elementor-widget-spacer\" data-id=\"a6fb6c8\" data-element_type=\"widget\" data-e-type=\"widget\" data-widget_type=\"spacer.default\">\n\t\t\t\t<div class=\"elementor-widget-container\">\n\t\t\t\t\t\t\t<div class=\"elementor-spacer\">\n\t\t\t<div class=\"elementor-spacer-inner\"><\/div>\n\t\t<\/div>\n\t\t\t\t\t\t<\/div>\n\t\t\t\t<\/div>\n\t\t\t\t<div class=\"elementor-element elementor-element-9897313 elementor-widget elementor-widget-text-editor\" data-id=\"9897313\" data-element_type=\"widget\" data-e-type=\"widget\" data-widget_type=\"text-editor.default\">\n\t\t\t\t<div class=\"elementor-widget-container\">\n\t\t\t\t\t\t\t\t\t<p>S\u00e1nchez, Suset \u201cOpen Studio Carlos Garaicoa: compartir, visibilizar, autogestionar\u201d\u2028<br>en Tabloide Noticias de Artecubano, abril, no.4, La Habana, 2014, p.4.<\/p>\t\t\t\t\t\t\t\t<\/div>\n\t\t\t\t<\/div>\n\t\t\t\t\t<\/div>\n\t\t\t\t<\/div>\n\t\t<div class=\"elementor-element elementor-element-b3afbd5 e-con-full e-flex e-con e-parent\" data-id=\"b3afbd5\" data-element_type=\"container\" data-e-type=\"container\" data-settings=\"{&quot;background_background&quot;:&quot;classic&quot;}\">\n\t\t\t\t<div class=\"elementor-element elementor-element-33bcc06 elementor-widget elementor-widget-heading\" data-id=\"33bcc06\" data-element_type=\"widget\" data-e-type=\"widget\" data-widget_type=\"heading.default\">\n\t\t\t\t<div class=\"elementor-widget-container\">\n\t\t\t\t\t<h2 class=\"elementor-heading-title elementor-size-default\">El Estudio<\/h2>\t\t\t\t<\/div>\n\t\t\t\t<\/div>\n\t\t<div class=\"elementor-element elementor-element-103019d e-con-full e-flex e-con e-child\" data-id=\"103019d\" data-element_type=\"container\" data-e-type=\"container\">\n\t\t<div class=\"elementor-element elementor-element-f39fa98 e-con-full elementor-hidden-tablet elementor-hidden-mobile e-flex e-con e-child\" data-id=\"f39fa98\" data-element_type=\"container\" data-e-type=\"container\">\n\t\t\t\t<\/div>\n\t\t<a class=\"elementor-element elementor-element-0fce1e1 e-con-full e-flex elementor-invisible e-con e-child\" data-id=\"0fce1e1\" data-element_type=\"container\" data-e-type=\"container\" data-settings=\"{&quot;animation&quot;:&quot;fadeInUp&quot;}\" href=\"https:\/\/carlosgaraicoa.com\/en\/open-studio\/\">\n\t\t\t\t<div class=\"elementor-element elementor-element-a6e3662 elementor-widget elementor-widget-image\" data-id=\"a6e3662\" data-element_type=\"widget\" data-e-type=\"widget\" data-widget_type=\"image.default\">\n\t\t\t\t<div class=\"elementor-widget-container\">\n\t\t\t\t\t\t\t\t\t\t\t\t\t\t\t<img fetchpriority=\"high\" decoding=\"async\" width=\"552\" height=\"751\" src=\"https:\/\/carlosgaraicoa.com\/wp-content\/uploads\/2025\/05\/image-80-e1747059263851.png\" class=\"attachment-full size-full wp-image-4902\" alt=\"\" srcset=\"https:\/\/carlosgaraicoa.com\/wp-content\/uploads\/2025\/05\/image-80-e1747059263851.png 552w, https:\/\/carlosgaraicoa.com\/wp-content\/uploads\/2025\/05\/image-80-e1747059263851-221x300.png 221w\" sizes=\"(max-width: 552px) 100vw, 552px\" \/>\t\t\t\t\t\t\t\t\t\t\t\t\t\t\t<\/div>\n\t\t\t\t<\/div>\n\t\t\t\t<div class=\"elementor-element elementor-element-27bb631 elementor-widget elementor-widget-heading\" data-id=\"27bb631\" data-element_type=\"widget\" data-e-type=\"widget\" data-widget_type=\"heading.default\">\n\t\t\t\t<div class=\"elementor-widget-container\">\n\t\t\t\t\t<h2 class=\"elementor-heading-title elementor-size-default\">Open studio<\/h2>\t\t\t\t<\/div>\n\t\t\t\t<\/div>\n\t\t\t\t<\/a>\n\t\t<a class=\"elementor-element elementor-element-bb260fb e-con-full e-flex elementor-invisible e-con e-child\" data-id=\"bb260fb\" data-element_type=\"container\" data-e-type=\"container\" data-settings=\"{&quot;animation&quot;:&quot;fadeInUp&quot;,&quot;animation_delay&quot;:500}\" href=\"https:\/\/carlosgaraicoa.com\/en\/charlas-con-paella\/\">\n\t\t\t\t<div class=\"elementor-element elementor-element-1e03312 elementor-widget elementor-widget-image\" data-id=\"1e03312\" data-element_type=\"widget\" data-e-type=\"widget\" data-widget_type=\"image.default\">\n\t\t\t\t<div class=\"elementor-widget-container\">\n\t\t\t\t\t\t\t\t\t\t\t\t\t\t\t<img decoding=\"async\" width=\"546\" height=\"820\" src=\"https:\/\/carlosgaraicoa.com\/wp-content\/uploads\/2025\/05\/image-81.png\" class=\"attachment-full size-full wp-image-4903\" alt=\"\" srcset=\"https:\/\/carlosgaraicoa.com\/wp-content\/uploads\/2025\/05\/image-81.png 546w, https:\/\/carlosgaraicoa.com\/wp-content\/uploads\/2025\/05\/image-81-200x300.png 200w\" sizes=\"(max-width: 546px) 100vw, 546px\" \/>\t\t\t\t\t\t\t\t\t\t\t\t\t\t\t<\/div>\n\t\t\t\t<\/div>\n\t\t\t\t<div class=\"elementor-element elementor-element-4ae36ad elementor-widget elementor-widget-heading\" data-id=\"4ae36ad\" data-element_type=\"widget\" data-e-type=\"widget\" data-widget_type=\"heading.default\">\n\t\t\t\t<div class=\"elementor-widget-container\">\n\t\t\t\t\t<h2 class=\"elementor-heading-title elementor-size-default\">Charlas con paella<\/h2>\t\t\t\t<\/div>\n\t\t\t\t<\/div>\n\t\t\t\t<\/a>\n\t\t<a class=\"elementor-element elementor-element-ee47047 e-con-full e-flex elementor-invisible e-con e-child\" data-id=\"ee47047\" data-element_type=\"container\" data-e-type=\"container\" data-settings=\"{&quot;animation&quot;:&quot;fadeInUp&quot;,&quot;animation_delay&quot;:800}\">\n\t\t\t\t<div class=\"elementor-element elementor-element-ac01a86 elementor-widget elementor-widget-image\" data-id=\"ac01a86\" data-element_type=\"widget\" data-e-type=\"widget\" data-widget_type=\"image.default\">\n\t\t\t\t<div class=\"elementor-widget-container\">\n\t\t\t\t\t\t\t\t\t\t\t\t\t\t\t<img decoding=\"async\" width=\"291\" height=\"435\" src=\"https:\/\/carlosgaraicoa.com\/wp-content\/uploads\/2025\/05\/otros-proyectos.webp\" class=\"attachment-full size-full wp-image-4901\" alt=\"\" srcset=\"https:\/\/carlosgaraicoa.com\/wp-content\/uploads\/2025\/05\/otros-proyectos.webp 291w, https:\/\/carlosgaraicoa.com\/wp-content\/uploads\/2025\/05\/otros-proyectos-201x300.webp 201w\" sizes=\"(max-width: 291px) 100vw, 291px\" \/>\t\t\t\t\t\t\t\t\t\t\t\t\t\t\t<\/div>\n\t\t\t\t<\/div>\n\t\t\t\t<div class=\"elementor-element elementor-element-c7b6aca elementor-widget elementor-widget-heading\" data-id=\"c7b6aca\" data-element_type=\"widget\" data-e-type=\"widget\" data-widget_type=\"heading.default\">\n\t\t\t\t<div class=\"elementor-widget-container\">\n\t\t\t\t\t<h2 class=\"elementor-heading-title elementor-size-default\">Otros proyectos<\/h2>\t\t\t\t<\/div>\n\t\t\t\t<\/div>\n\t\t\t\t<\/a>\n\t\t\t\t<\/div>\n\t\t\t\t<\/div>\n\t\t\t\t<\/div>\n\t\t","protected":false},"excerpt":{"rendered":"<p>El Estudio Junto a la labor de producci\u00f3n y promoci\u00f3n de la obra de Carlos Garaicoa, el estudio desarrolla anualmente otro grupo de actividades &#8211; Open Studios, charlas, conferencias, presentaciones de libros- con el objetivo de apoyar el arte emergente y el contexto cultural en general. Buscamos crear una plataforma de intercambio desenfadado con el [&hellip;]<\/p>\n","protected":false},"author":1,"featured_media":0,"parent":0,"menu_order":0,"comment_status":"closed","ping_status":"closed","template":"","meta":{"_acf_changed":false,"footnotes":""},"class_list":["post-4899","page","type-page","status-publish","hentry"],"acf":[],"yoast_head":"<!-- This site is optimized with the Yoast SEO plugin v27.2 - https:\/\/yoast.com\/product\/yoast-seo-wordpress\/ -->\n<title>El Estudio - Estudio Carlos Garaicoa<\/title>\n<meta name=\"robots\" content=\"index, follow, max-snippet:-1, max-image-preview:large, max-video-preview:-1\" \/>\n<link rel=\"canonical\" href=\"https:\/\/carlosgaraicoa.com\/en\/el-estudio\/\" \/>\n<meta property=\"og:locale\" content=\"en_US\" \/>\n<meta property=\"og:type\" content=\"article\" \/>\n<meta property=\"og:title\" content=\"El Estudio - Estudio Carlos Garaicoa\" \/>\n<meta property=\"og:description\" content=\"El Estudio Junto a la labor de producci\u00f3n y promoci\u00f3n de la obra de Carlos Garaicoa, el estudio desarrolla anualmente otro grupo de actividades &#8211; Open Studios, charlas, conferencias, presentaciones de libros- con el objetivo de apoyar el arte emergente y el contexto cultural en general. Buscamos crear una plataforma de intercambio desenfadado con el [&hellip;]\" \/>\n<meta property=\"og:url\" content=\"https:\/\/carlosgaraicoa.com\/en\/el-estudio\/\" \/>\n<meta property=\"og:site_name\" content=\"Estudio Carlos Garaicoa\" \/>\n<meta property=\"article:modified_time\" content=\"2025-06-06T08:18:09+00:00\" \/>\n<meta property=\"og:image\" content=\"https:\/\/carlosgaraicoa.com\/wp-content\/uploads\/2025\/05\/image-80-e1747059263851.png\" \/>\n\t<meta property=\"og:image:width\" content=\"552\" \/>\n\t<meta property=\"og:image:height\" content=\"751\" \/>\n\t<meta property=\"og:image:type\" content=\"image\/png\" \/>\n<meta name=\"twitter:card\" content=\"summary_large_image\" \/>\n<meta name=\"twitter:label1\" content=\"Est. reading time\" \/>\n\t<meta name=\"twitter:data1\" content=\"2 minutes\" \/>\n<script type=\"application\/ld+json\" class=\"yoast-schema-graph\">{\"@context\":\"https:\/\/schema.org\",\"@graph\":[{\"@type\":\"WebPage\",\"@id\":\"https:\/\/carlosgaraicoa.com\/en\/el-estudio\/\",\"url\":\"https:\/\/carlosgaraicoa.com\/en\/el-estudio\/\",\"name\":\"El Estudio - Estudio Carlos Garaicoa\",\"isPartOf\":{\"@id\":\"https:\/\/carlosgaraicoa.com\/en\/#website\"},\"primaryImageOfPage\":{\"@id\":\"https:\/\/carlosgaraicoa.com\/en\/el-estudio\/#primaryimage\"},\"image\":{\"@id\":\"https:\/\/carlosgaraicoa.com\/en\/el-estudio\/#primaryimage\"},\"thumbnailUrl\":\"https:\/\/carlosgaraicoa.com\/wp-content\/uploads\/2025\/05\/image-80-e1747059263851.png\",\"datePublished\":\"2025-04-22T09:12:58+00:00\",\"dateModified\":\"2025-06-06T08:18:09+00:00\",\"breadcrumb\":{\"@id\":\"https:\/\/carlosgaraicoa.com\/en\/el-estudio\/#breadcrumb\"},\"inLanguage\":\"en-US\",\"potentialAction\":[{\"@type\":\"ReadAction\",\"target\":[\"https:\/\/carlosgaraicoa.com\/en\/el-estudio\/\"]}]},{\"@type\":\"ImageObject\",\"inLanguage\":\"en-US\",\"@id\":\"https:\/\/carlosgaraicoa.com\/en\/el-estudio\/#primaryimage\",\"url\":\"https:\/\/carlosgaraicoa.com\/wp-content\/uploads\/2025\/05\/image-80-e1747059263851.png\",\"contentUrl\":\"https:\/\/carlosgaraicoa.com\/wp-content\/uploads\/2025\/05\/image-80-e1747059263851.png\"},{\"@type\":\"BreadcrumbList\",\"@id\":\"https:\/\/carlosgaraicoa.com\/en\/el-estudio\/#breadcrumb\",\"itemListElement\":[{\"@type\":\"ListItem\",\"position\":1,\"name\":\"Portada\",\"item\":\"https:\/\/carlosgaraicoa.com\/en\/\"},{\"@type\":\"ListItem\",\"position\":2,\"name\":\"El Estudio\"}]},{\"@type\":\"WebSite\",\"@id\":\"https:\/\/carlosgaraicoa.com\/en\/#website\",\"url\":\"https:\/\/carlosgaraicoa.com\/en\/\",\"name\":\"Estudio Carlos Garaicoa\",\"description\":\"\",\"publisher\":{\"@id\":\"https:\/\/carlosgaraicoa.com\/en\/#organization\"},\"potentialAction\":[{\"@type\":\"SearchAction\",\"target\":{\"@type\":\"EntryPoint\",\"urlTemplate\":\"https:\/\/carlosgaraicoa.com\/en\/?s={search_term_string}\"},\"query-input\":{\"@type\":\"PropertyValueSpecification\",\"valueRequired\":true,\"valueName\":\"search_term_string\"}}],\"inLanguage\":\"en-US\"},{\"@type\":\"Organization\",\"@id\":\"https:\/\/carlosgaraicoa.com\/en\/#organization\",\"name\":\"Estudio Carlos Garaicoa\",\"url\":\"https:\/\/carlosgaraicoa.com\/en\/\",\"logo\":{\"@type\":\"ImageObject\",\"inLanguage\":\"en-US\",\"@id\":\"https:\/\/carlosgaraicoa.com\/en\/#\/schema\/logo\/image\/\",\"url\":\"https:\/\/carlosgaraicoa.com\/wp-content\/uploads\/2025\/04\/Group-25.png\",\"contentUrl\":\"https:\/\/carlosgaraicoa.com\/wp-content\/uploads\/2025\/04\/Group-25.png\",\"width\":167,\"height\":45,\"caption\":\"Estudio Carlos Garaicoa\"},\"image\":{\"@id\":\"https:\/\/carlosgaraicoa.com\/en\/#\/schema\/logo\/image\/\"}}]}<\/script>\n<!-- \/ Yoast SEO plugin. -->","yoast_head_json":{"title":"El Estudio - Estudio Carlos Garaicoa","robots":{"index":"index","follow":"follow","max-snippet":"max-snippet:-1","max-image-preview":"max-image-preview:large","max-video-preview":"max-video-preview:-1"},"canonical":"https:\/\/carlosgaraicoa.com\/en\/el-estudio\/","og_locale":"en_US","og_type":"article","og_title":"El Estudio - Estudio Carlos Garaicoa","og_description":"El Estudio Junto a la labor de producci\u00f3n y promoci\u00f3n de la obra de Carlos Garaicoa, el estudio desarrolla anualmente otro grupo de actividades &#8211; Open Studios, charlas, conferencias, presentaciones de libros- con el objetivo de apoyar el arte emergente y el contexto cultural en general. Buscamos crear una plataforma de intercambio desenfadado con el [&hellip;]","og_url":"https:\/\/carlosgaraicoa.com\/en\/el-estudio\/","og_site_name":"Estudio Carlos Garaicoa","article_modified_time":"2025-06-06T08:18:09+00:00","og_image":[{"width":552,"height":751,"url":"https:\/\/carlosgaraicoa.com\/wp-content\/uploads\/2025\/05\/image-80-e1747059263851.png","type":"image\/png"}],"twitter_card":"summary_large_image","twitter_misc":{"Est. reading time":"2 minutes"},"schema":{"@context":"https:\/\/schema.org","@graph":[{"@type":"WebPage","@id":"https:\/\/carlosgaraicoa.com\/en\/el-estudio\/","url":"https:\/\/carlosgaraicoa.com\/en\/el-estudio\/","name":"El Estudio - Estudio Carlos Garaicoa","isPartOf":{"@id":"https:\/\/carlosgaraicoa.com\/en\/#website"},"primaryImageOfPage":{"@id":"https:\/\/carlosgaraicoa.com\/en\/el-estudio\/#primaryimage"},"image":{"@id":"https:\/\/carlosgaraicoa.com\/en\/el-estudio\/#primaryimage"},"thumbnailUrl":"https:\/\/carlosgaraicoa.com\/wp-content\/uploads\/2025\/05\/image-80-e1747059263851.png","datePublished":"2025-04-22T09:12:58+00:00","dateModified":"2025-06-06T08:18:09+00:00","breadcrumb":{"@id":"https:\/\/carlosgaraicoa.com\/en\/el-estudio\/#breadcrumb"},"inLanguage":"en-US","potentialAction":[{"@type":"ReadAction","target":["https:\/\/carlosgaraicoa.com\/en\/el-estudio\/"]}]},{"@type":"ImageObject","inLanguage":"en-US","@id":"https:\/\/carlosgaraicoa.com\/en\/el-estudio\/#primaryimage","url":"https:\/\/carlosgaraicoa.com\/wp-content\/uploads\/2025\/05\/image-80-e1747059263851.png","contentUrl":"https:\/\/carlosgaraicoa.com\/wp-content\/uploads\/2025\/05\/image-80-e1747059263851.png"},{"@type":"BreadcrumbList","@id":"https:\/\/carlosgaraicoa.com\/en\/el-estudio\/#breadcrumb","itemListElement":[{"@type":"ListItem","position":1,"name":"Portada","item":"https:\/\/carlosgaraicoa.com\/en\/"},{"@type":"ListItem","position":2,"name":"El Estudio"}]},{"@type":"WebSite","@id":"https:\/\/carlosgaraicoa.com\/en\/#website","url":"https:\/\/carlosgaraicoa.com\/en\/","name":"Estudio Carlos Garaicoa","description":"","publisher":{"@id":"https:\/\/carlosgaraicoa.com\/en\/#organization"},"potentialAction":[{"@type":"SearchAction","target":{"@type":"EntryPoint","urlTemplate":"https:\/\/carlosgaraicoa.com\/en\/?s={search_term_string}"},"query-input":{"@type":"PropertyValueSpecification","valueRequired":true,"valueName":"search_term_string"}}],"inLanguage":"en-US"},{"@type":"Organization","@id":"https:\/\/carlosgaraicoa.com\/en\/#organization","name":"Estudio Carlos Garaicoa","url":"https:\/\/carlosgaraicoa.com\/en\/","logo":{"@type":"ImageObject","inLanguage":"en-US","@id":"https:\/\/carlosgaraicoa.com\/en\/#\/schema\/logo\/image\/","url":"https:\/\/carlosgaraicoa.com\/wp-content\/uploads\/2025\/04\/Group-25.png","contentUrl":"https:\/\/carlosgaraicoa.com\/wp-content\/uploads\/2025\/04\/Group-25.png","width":167,"height":45,"caption":"Estudio Carlos Garaicoa"},"image":{"@id":"https:\/\/carlosgaraicoa.com\/en\/#\/schema\/logo\/image\/"}}]}},"_links":{"self":[{"href":"https:\/\/carlosgaraicoa.com\/en\/wp-json\/wp\/v2\/pages\/4899","targetHints":{"allow":["GET"]}}],"collection":[{"href":"https:\/\/carlosgaraicoa.com\/en\/wp-json\/wp\/v2\/pages"}],"about":[{"href":"https:\/\/carlosgaraicoa.com\/en\/wp-json\/wp\/v2\/types\/page"}],"author":[{"embeddable":true,"href":"https:\/\/carlosgaraicoa.com\/en\/wp-json\/wp\/v2\/users\/1"}],"replies":[{"embeddable":true,"href":"https:\/\/carlosgaraicoa.com\/en\/wp-json\/wp\/v2\/comments?post=4899"}],"version-history":[{"count":2,"href":"https:\/\/carlosgaraicoa.com\/en\/wp-json\/wp\/v2\/pages\/4899\/revisions"}],"predecessor-version":[{"id":4907,"href":"https:\/\/carlosgaraicoa.com\/en\/wp-json\/wp\/v2\/pages\/4899\/revisions\/4907"}],"wp:attachment":[{"href":"https:\/\/carlosgaraicoa.com\/en\/wp-json\/wp\/v2\/media?parent=4899"}],"curies":[{"name":"wp","href":"https:\/\/api.w.org\/{rel}","templated":true}]}}