{"id":4892,"date":"2025-05-07T11:34:25","date_gmt":"2025-05-07T09:34:25","guid":{"rendered":"https:\/\/carlosgaraicoa.com\/artista-x-artista\/"},"modified":"2025-06-06T10:11:24","modified_gmt":"2025-06-06T08:11:24","slug":"artista-x-artista","status":"publish","type":"page","link":"https:\/\/carlosgaraicoa.com\/en\/artista-x-artista\/","title":{"rendered":"Artista x artista"},"content":{"rendered":"\t\t<div data-elementor-type=\"wp-page\" data-elementor-id=\"4892\" class=\"elementor elementor-4892 elementor-1286\" data-elementor-post-type=\"page\">\n\t\t\t\t<div class=\"elementor-element elementor-element-7700c85 e-con-full e-flex e-con e-parent\" data-id=\"7700c85\" data-element_type=\"container\" data-e-type=\"container\" data-settings=\"{&quot;background_background&quot;:&quot;classic&quot;}\">\n\t\t\t\t<div class=\"elementor-element elementor-element-de1f5bb elementor-widget elementor-widget-image\" data-id=\"de1f5bb\" data-element_type=\"widget\" data-e-type=\"widget\" data-widget_type=\"image.default\">\n\t\t\t\t<div class=\"elementor-widget-container\">\n\t\t\t\t\t\t\t\t\t\t\t\t\t\t\t<img fetchpriority=\"high\" decoding=\"async\" width=\"800\" height=\"70\" src=\"https:\/\/carlosgaraicoa.com\/wp-content\/uploads\/2025\/05\/artistaxartista.svg\" class=\"attachment-large size-large wp-image-4893\" alt=\"\" \/>\t\t\t\t\t\t\t\t\t\t\t\t\t\t\t<\/div>\n\t\t\t\t<\/div>\n\t\t\t\t<\/div>\n\t\t<div class=\"elementor-element elementor-element-f0c2208 e-flex e-con-boxed e-con e-parent\" data-id=\"f0c2208\" data-element_type=\"container\" data-e-type=\"container\">\n\t\t\t\t\t<div class=\"e-con-inner\">\n\t\t<div class=\"elementor-element elementor-element-49ce117 e-con-full e-flex e-con e-child\" data-id=\"49ce117\" data-element_type=\"container\" data-e-type=\"container\">\n\t\t\t\t<div class=\"elementor-element elementor-element-e69e044 elementor-widget elementor-widget-text-editor\" data-id=\"e69e044\" data-element_type=\"widget\" data-e-type=\"widget\" data-widget_type=\"text-editor.default\">\n\t\t\t\t<div class=\"elementor-widget-container\">\n\t\t\t\t\t\t\t\t\t<p><strong>Artista x Artista<\/strong> es una iniciativa creada en 2015 por el Estudio Carlos Garaicoa con el prop\u00f3sito de generar un espacio de intercambio entre la escena art\u00edstica emergente y una red creciente de instituciones y agentes culturales a nivel internacional.<\/p><p><strong>La plataforma responde a la necesidad de fomentar el apoyo dentro de la propia comunidad art\u00edstica, brindando oportunidades a creadores en las primeras etapas de sus carreras.<\/strong><\/p>\t\t\t\t\t\t\t\t<\/div>\n\t\t\t\t<\/div>\n\t\t\t\t<\/div>\n\t\t<div class=\"elementor-element elementor-element-e6cbc4b e-con-full elementor-hidden-tablet elementor-hidden-mobile e-flex e-con e-child\" data-id=\"e6cbc4b\" data-element_type=\"container\" data-e-type=\"container\">\n\t\t\t\t<\/div>\n\t\t\t\t\t<\/div>\n\t\t\t\t<\/div>\n\t\t<div class=\"elementor-element elementor-element-d66bcc2 e-flex e-con-boxed e-con e-parent\" data-id=\"d66bcc2\" data-element_type=\"container\" data-e-type=\"container\">\n\t\t\t\t\t<div class=\"e-con-inner\">\n\t\t\t\t<div class=\"elementor-element elementor-element-e1dc1e2 elementor-widget elementor-widget-spacer\" data-id=\"e1dc1e2\" data-element_type=\"widget\" data-e-type=\"widget\" data-widget_type=\"spacer.default\">\n\t\t\t\t<div class=\"elementor-widget-container\">\n\t\t\t\t\t\t\t<div class=\"elementor-spacer\">\n\t\t\t<div class=\"elementor-spacer-inner\"><\/div>\n\t\t<\/div>\n\t\t\t\t\t\t<\/div>\n\t\t\t\t<\/div>\n\t\t\t\t\t<\/div>\n\t\t\t\t<\/div>\n\t\t<div class=\"elementor-element elementor-element-55e0ec5 e-flex e-con-boxed e-con e-parent\" data-id=\"55e0ec5\" data-element_type=\"container\" data-e-type=\"container\">\n\t\t\t\t\t<div class=\"e-con-inner\">\n\t\t<div class=\"elementor-element elementor-element-b8e54ad e-con-full e-flex e-con e-child\" data-id=\"b8e54ad\" data-element_type=\"container\" data-e-type=\"container\">\n\t\t\t\t<div class=\"elementor-element elementor-element-9eb5662 elementor-widget elementor-widget-image\" data-id=\"9eb5662\" data-element_type=\"widget\" data-e-type=\"widget\" data-widget_type=\"image.default\">\n\t\t\t\t<div class=\"elementor-widget-container\">\n\t\t\t\t\t\t\t\t\t\t\t\t\t\t\t<img decoding=\"async\" width=\"584\" height=\"330\" src=\"https:\/\/carlosgaraicoa.com\/wp-content\/uploads\/2025\/05\/Gold-Medal-Flour_1-e1747130090956.jpg\" class=\"attachment-full size-full wp-image-4894\" alt=\"\" srcset=\"https:\/\/carlosgaraicoa.com\/wp-content\/uploads\/2025\/05\/Gold-Medal-Flour_1-e1747130090956.jpg 584w, https:\/\/carlosgaraicoa.com\/wp-content\/uploads\/2025\/05\/Gold-Medal-Flour_1-e1747130090956-300x170.jpg 300w\" sizes=\"(max-width: 584px) 100vw, 584px\" \/>\t\t\t\t\t\t\t\t\t\t\t\t\t\t\t<\/div>\n\t\t\t\t<\/div>\n\t\t\t\t<div class=\"elementor-element elementor-element-e147414 elementor-widget elementor-widget-text-editor\" data-id=\"e147414\" data-element_type=\"widget\" data-e-type=\"widget\" data-widget_type=\"text-editor.default\">\n\t\t\t\t<div class=\"elementor-widget-container\">\n\t\t\t\t\t\t\t\t\t<p><span style=\"color: #dd052b;\">Marlon De Azambuja<\/span> <strong>Intenci\u00f3n de panorama, 2007<\/strong><br>Papel, tinta<\/p>\t\t\t\t\t\t\t\t<\/div>\n\t\t\t\t<\/div>\n\t\t\t\t<\/div>\n\t\t<div class=\"elementor-element elementor-element-b1f8e3c e-con-full e-flex e-con e-child\" data-id=\"b1f8e3c\" data-element_type=\"container\" data-e-type=\"container\">\n\t\t\t\t<div class=\"elementor-element elementor-element-e820260 elementor-widget elementor-widget-text-editor\" data-id=\"e820260\" data-element_type=\"widget\" data-e-type=\"widget\" data-widget_type=\"text-editor.default\">\n\t\t\t\t<div class=\"elementor-widget-container\">\n\t\t\t\t\t\t\t\t\t<p>Este programa de residencias ofrece a artistas internacionales la posibilidad de desarrollar su trabajo en La Habana, en contacto directo con la escena cultural local. A trav\u00e9s de talleres, investigaciones situadas y colaboraciones con creadores cubanos, <strong>Artista x Artista<\/strong> impulsa un di\u00e1logo fluido entre contextos diversos, promoviendo el pensamiento art\u00edstico en un intercambio bidireccional entre el interior y el exterior de la isla.<\/p>\t\t\t\t\t\t\t\t<\/div>\n\t\t\t\t<\/div>\n\t\t\t\t<\/div>\n\t\t\t\t\t<\/div>\n\t\t\t\t<\/div>\n\t\t<div class=\"elementor-element elementor-element-329399b e-flex e-con-boxed e-con e-parent\" data-id=\"329399b\" data-element_type=\"container\" data-e-type=\"container\">\n\t\t\t\t\t<div class=\"e-con-inner\">\n\t\t\t\t<div class=\"elementor-element elementor-element-bb4dc88 elementor-widget elementor-widget-spacer\" data-id=\"bb4dc88\" data-element_type=\"widget\" data-e-type=\"widget\" data-widget_type=\"spacer.default\">\n\t\t\t\t<div class=\"elementor-widget-container\">\n\t\t\t\t\t\t\t<div class=\"elementor-spacer\">\n\t\t\t<div class=\"elementor-spacer-inner\"><\/div>\n\t\t<\/div>\n\t\t\t\t\t\t<\/div>\n\t\t\t\t<\/div>\n\t\t\t\t\t<\/div>\n\t\t\t\t<\/div>\n\t\t<div class=\"elementor-element elementor-element-6a3d76a e-flex e-con-boxed e-con e-parent\" data-id=\"6a3d76a\" data-element_type=\"container\" data-e-type=\"container\">\n\t\t\t\t\t<div class=\"e-con-inner\">\n\t\t<div class=\"elementor-element elementor-element-a013041 e-con-full e-flex e-con e-child\" data-id=\"a013041\" data-element_type=\"container\" data-e-type=\"container\">\n\t\t\t\t<div class=\"elementor-element elementor-element-63f2a43 elementor-widget elementor-widget-text-editor\" data-id=\"63f2a43\" data-element_type=\"widget\" data-e-type=\"widget\" data-widget_type=\"text-editor.default\">\n\t\t\t\t<div class=\"elementor-widget-container\">\n\t\t\t\t\t\t\t\t\t<p>La iniciativa tiene sus ra\u00edces en el concepto de Open Studio, lanzado en 2007 por el Estudio Carlos Garaicoa en Madrid. Desde su creaci\u00f3n, este evento anual ha funcionado como una plataforma de visibilizaci\u00f3n y experimentaci\u00f3n art\u00edstica, reuniendo a creadores de diferentes trayectorias en un espacio de trabajo colaborativo y horizontal.<\/p>\t\t\t\t\t\t\t\t<\/div>\n\t\t\t\t<\/div>\n\t\t\t\t<\/div>\n\t\t<div class=\"elementor-element elementor-element-daad002 e-con-full elementor-hidden-tablet elementor-hidden-mobile e-flex e-con e-child\" data-id=\"daad002\" data-element_type=\"container\" data-e-type=\"container\">\n\t\t\t\t<\/div>\n\t\t\t\t\t<\/div>\n\t\t\t\t<\/div>\n\t\t<div class=\"elementor-element elementor-element-bb9a59f e-flex e-con-boxed e-con e-parent\" data-id=\"bb9a59f\" data-element_type=\"container\" data-e-type=\"container\">\n\t\t\t\t\t<div class=\"e-con-inner\">\n\t\t\t\t<div class=\"elementor-element elementor-element-c2754d1 elementor-widget elementor-widget-spacer\" data-id=\"c2754d1\" data-element_type=\"widget\" data-e-type=\"widget\" data-widget_type=\"spacer.default\">\n\t\t\t\t<div class=\"elementor-widget-container\">\n\t\t\t\t\t\t\t<div class=\"elementor-spacer\">\n\t\t\t<div class=\"elementor-spacer-inner\"><\/div>\n\t\t<\/div>\n\t\t\t\t\t\t<\/div>\n\t\t\t\t<\/div>\n\t\t\t\t\t<\/div>\n\t\t\t\t<\/div>\n\t\t<div class=\"elementor-element elementor-element-fabc46c e-flex e-con-boxed e-con e-parent\" data-id=\"fabc46c\" data-element_type=\"container\" data-e-type=\"container\">\n\t\t\t\t\t<div class=\"e-con-inner\">\n\t\t<div class=\"elementor-element elementor-element-ffe0d4a e-con-full e-flex e-con e-child\" data-id=\"ffe0d4a\" data-element_type=\"container\" data-e-type=\"container\">\n\t\t\t\t<\/div>\n\t\t<div class=\"elementor-element elementor-element-049deb8 e-con-full e-flex e-con e-child\" data-id=\"049deb8\" data-element_type=\"container\" data-e-type=\"container\">\n\t\t\t\t<div class=\"elementor-element elementor-element-3bd3de7 elementor-widget elementor-widget-text-editor\" data-id=\"3bd3de7\" data-element_type=\"widget\" data-e-type=\"widget\" data-widget_type=\"text-editor.default\">\n\t\t\t\t<div class=\"elementor-widget-container\">\n\t\t\t\t\t\t\t\t\t<p>A lo largo de los a\u00f1os, Artista x Artista ha colaborado con numerosos artistas y ha apoyado proyectos individuales y colectivos en espacios como el Centro de Desarrollo de las Artes Visuales de La Habana, Espacio Aglutinador y el Gran Teatro de La Habana. Tambi\u00e9n ha establecido alianzas con instituciones y galer\u00edas internacionales, contribuyendo a la proyecci\u00f3n global de los artistas participantes.<\/p>\t\t\t\t\t\t\t\t<\/div>\n\t\t\t\t<\/div>\n\t\t\t\t<\/div>\n\t\t\t\t\t<\/div>\n\t\t\t\t<\/div>\n\t\t<div class=\"elementor-element elementor-element-e004a3c e-flex e-con-boxed e-con e-parent\" data-id=\"e004a3c\" data-element_type=\"container\" data-e-type=\"container\">\n\t\t\t\t\t<div class=\"e-con-inner\">\n\t\t\t\t<div class=\"elementor-element elementor-element-ae8c9dc elementor-widget elementor-widget-spacer\" data-id=\"ae8c9dc\" data-element_type=\"widget\" data-e-type=\"widget\" data-widget_type=\"spacer.default\">\n\t\t\t\t<div class=\"elementor-widget-container\">\n\t\t\t\t\t\t\t<div class=\"elementor-spacer\">\n\t\t\t<div class=\"elementor-spacer-inner\"><\/div>\n\t\t<\/div>\n\t\t\t\t\t\t<\/div>\n\t\t\t\t<\/div>\n\t\t\t\t\t<\/div>\n\t\t\t\t<\/div>\n\t\t<div class=\"elementor-element elementor-element-b531323 e-flex e-con-boxed e-con e-parent\" data-id=\"b531323\" data-element_type=\"container\" data-e-type=\"container\">\n\t\t\t\t\t<div class=\"e-con-inner\">\n\t\t<div class=\"elementor-element elementor-element-55c7fc0 e-con-full e-flex e-con e-child\" data-id=\"55c7fc0\" data-element_type=\"container\" data-e-type=\"container\">\n\t\t\t\t<div class=\"elementor-element elementor-element-384fc7b elementor-widget elementor-widget-heading\" data-id=\"384fc7b\" data-element_type=\"widget\" data-e-type=\"widget\" data-widget_type=\"heading.default\">\n\t\t\t\t<div class=\"elementor-widget-container\">\n\t\t\t\t\t<h3 class=\"elementor-heading-title elementor-size-default\">Con un compromiso continuo con la experimentaci\u00f3n art\u00edstica y la conexi\u00f3n entre comunidades creativas, Artista x Artista se consolida como una plataforma de referencia para la creaci\u00f3n contempor\u00e1nea en Cuba y m\u00e1s all\u00e1.<\/h3>\t\t\t\t<\/div>\n\t\t\t\t<\/div>\n\t\t\t\t<\/div>\n\t\t<div class=\"elementor-element elementor-element-1aa2bce e-con-full e-flex e-con e-child\" data-id=\"1aa2bce\" data-element_type=\"container\" data-e-type=\"container\">\n\t\t\t\t<\/div>\n\t\t\t\t\t<\/div>\n\t\t\t\t<\/div>\n\t\t<div class=\"elementor-element elementor-element-f7c5363 e-flex e-con-boxed e-con e-parent\" data-id=\"f7c5363\" data-element_type=\"container\" data-e-type=\"container\">\n\t\t\t\t\t<div class=\"e-con-inner\">\n\t\t\t\t<div class=\"elementor-element elementor-element-7b6917d elementor-widget elementor-widget-spacer\" data-id=\"7b6917d\" data-element_type=\"widget\" data-e-type=\"widget\" data-widget_type=\"spacer.default\">\n\t\t\t\t<div class=\"elementor-widget-container\">\n\t\t\t\t\t\t\t<div class=\"elementor-spacer\">\n\t\t\t<div class=\"elementor-spacer-inner\"><\/div>\n\t\t<\/div>\n\t\t\t\t\t\t<\/div>\n\t\t\t\t<\/div>\n\t\t\t\t\t<\/div>\n\t\t\t\t<\/div>\n\t\t\t\t<\/div>\n\t\t","protected":false},"excerpt":{"rendered":"<p>Artista x Artista es una iniciativa creada en 2015 por el Estudio Carlos Garaicoa con el prop\u00f3sito de generar un espacio de intercambio entre la escena art\u00edstica emergente y una red creciente de instituciones y agentes culturales a nivel internacional. La plataforma responde a la necesidad de fomentar el apoyo dentro de la propia comunidad [&hellip;]<\/p>\n","protected":false},"author":1,"featured_media":0,"parent":0,"menu_order":0,"comment_status":"closed","ping_status":"closed","template":"","meta":{"_acf_changed":false,"footnotes":""},"class_list":["post-4892","page","type-page","status-publish","hentry"],"acf":[],"yoast_head":"<!-- This site is optimized with the Yoast SEO plugin v27.2 - https:\/\/yoast.com\/product\/yoast-seo-wordpress\/ -->\n<title>Artista x artista - Estudio Carlos Garaicoa<\/title>\n<meta name=\"robots\" content=\"index, follow, max-snippet:-1, max-image-preview:large, max-video-preview:-1\" \/>\n<link rel=\"canonical\" href=\"https:\/\/carlosgaraicoa.com\/en\/artista-x-artista\/\" \/>\n<meta property=\"og:locale\" content=\"en_US\" \/>\n<meta property=\"og:type\" content=\"article\" \/>\n<meta property=\"og:title\" content=\"Artista x artista - Estudio Carlos Garaicoa\" \/>\n<meta property=\"og:description\" content=\"Artista x Artista es una iniciativa creada en 2015 por el Estudio Carlos Garaicoa con el prop\u00f3sito de generar un espacio de intercambio entre la escena art\u00edstica emergente y una red creciente de instituciones y agentes culturales a nivel internacional. La plataforma responde a la necesidad de fomentar el apoyo dentro de la propia comunidad [&hellip;]\" \/>\n<meta property=\"og:url\" content=\"https:\/\/carlosgaraicoa.com\/en\/artista-x-artista\/\" \/>\n<meta property=\"og:site_name\" content=\"Estudio Carlos Garaicoa\" \/>\n<meta property=\"article:modified_time\" content=\"2025-06-06T08:11:24+00:00\" \/>\n<meta name=\"twitter:card\" content=\"summary_large_image\" \/>\n<meta name=\"twitter:label1\" content=\"Est. reading time\" \/>\n\t<meta name=\"twitter:data1\" content=\"2 minutes\" \/>\n<script type=\"application\/ld+json\" class=\"yoast-schema-graph\">{\"@context\":\"https:\/\/schema.org\",\"@graph\":[{\"@type\":\"WebPage\",\"@id\":\"https:\/\/carlosgaraicoa.com\/en\/artista-x-artista\/\",\"url\":\"https:\/\/carlosgaraicoa.com\/en\/artista-x-artista\/\",\"name\":\"Artista x artista - Estudio Carlos Garaicoa\",\"isPartOf\":{\"@id\":\"https:\/\/carlosgaraicoa.com\/en\/#website\"},\"primaryImageOfPage\":{\"@id\":\"https:\/\/carlosgaraicoa.com\/en\/artista-x-artista\/#primaryimage\"},\"image\":{\"@id\":\"https:\/\/carlosgaraicoa.com\/en\/artista-x-artista\/#primaryimage\"},\"thumbnailUrl\":\"https:\/\/carlosgaraicoa.com\/wp-content\/uploads\/2025\/05\/artistaxartista.svg\",\"datePublished\":\"2025-05-07T09:34:25+00:00\",\"dateModified\":\"2025-06-06T08:11:24+00:00\",\"breadcrumb\":{\"@id\":\"https:\/\/carlosgaraicoa.com\/en\/artista-x-artista\/#breadcrumb\"},\"inLanguage\":\"en-US\",\"potentialAction\":[{\"@type\":\"ReadAction\",\"target\":[\"https:\/\/carlosgaraicoa.com\/en\/artista-x-artista\/\"]}]},{\"@type\":\"ImageObject\",\"inLanguage\":\"en-US\",\"@id\":\"https:\/\/carlosgaraicoa.com\/en\/artista-x-artista\/#primaryimage\",\"url\":\"https:\/\/carlosgaraicoa.com\/wp-content\/uploads\/2025\/05\/artistaxartista.svg\",\"contentUrl\":\"https:\/\/carlosgaraicoa.com\/wp-content\/uploads\/2025\/05\/artistaxartista.svg\"},{\"@type\":\"BreadcrumbList\",\"@id\":\"https:\/\/carlosgaraicoa.com\/en\/artista-x-artista\/#breadcrumb\",\"itemListElement\":[{\"@type\":\"ListItem\",\"position\":1,\"name\":\"Portada\",\"item\":\"https:\/\/carlosgaraicoa.com\/en\/\"},{\"@type\":\"ListItem\",\"position\":2,\"name\":\"Artista x artista\"}]},{\"@type\":\"WebSite\",\"@id\":\"https:\/\/carlosgaraicoa.com\/en\/#website\",\"url\":\"https:\/\/carlosgaraicoa.com\/en\/\",\"name\":\"Estudio Carlos Garaicoa\",\"description\":\"\",\"publisher\":{\"@id\":\"https:\/\/carlosgaraicoa.com\/en\/#organization\"},\"potentialAction\":[{\"@type\":\"SearchAction\",\"target\":{\"@type\":\"EntryPoint\",\"urlTemplate\":\"https:\/\/carlosgaraicoa.com\/en\/?s={search_term_string}\"},\"query-input\":{\"@type\":\"PropertyValueSpecification\",\"valueRequired\":true,\"valueName\":\"search_term_string\"}}],\"inLanguage\":\"en-US\"},{\"@type\":\"Organization\",\"@id\":\"https:\/\/carlosgaraicoa.com\/en\/#organization\",\"name\":\"Estudio Carlos Garaicoa\",\"url\":\"https:\/\/carlosgaraicoa.com\/en\/\",\"logo\":{\"@type\":\"ImageObject\",\"inLanguage\":\"en-US\",\"@id\":\"https:\/\/carlosgaraicoa.com\/en\/#\/schema\/logo\/image\/\",\"url\":\"https:\/\/carlosgaraicoa.com\/wp-content\/uploads\/2025\/04\/Group-25.png\",\"contentUrl\":\"https:\/\/carlosgaraicoa.com\/wp-content\/uploads\/2025\/04\/Group-25.png\",\"width\":167,\"height\":45,\"caption\":\"Estudio Carlos Garaicoa\"},\"image\":{\"@id\":\"https:\/\/carlosgaraicoa.com\/en\/#\/schema\/logo\/image\/\"}}]}<\/script>\n<!-- \/ Yoast SEO plugin. -->","yoast_head_json":{"title":"Artista x artista - Estudio Carlos Garaicoa","robots":{"index":"index","follow":"follow","max-snippet":"max-snippet:-1","max-image-preview":"max-image-preview:large","max-video-preview":"max-video-preview:-1"},"canonical":"https:\/\/carlosgaraicoa.com\/en\/artista-x-artista\/","og_locale":"en_US","og_type":"article","og_title":"Artista x artista - Estudio Carlos Garaicoa","og_description":"Artista x Artista es una iniciativa creada en 2015 por el Estudio Carlos Garaicoa con el prop\u00f3sito de generar un espacio de intercambio entre la escena art\u00edstica emergente y una red creciente de instituciones y agentes culturales a nivel internacional. La plataforma responde a la necesidad de fomentar el apoyo dentro de la propia comunidad [&hellip;]","og_url":"https:\/\/carlosgaraicoa.com\/en\/artista-x-artista\/","og_site_name":"Estudio Carlos Garaicoa","article_modified_time":"2025-06-06T08:11:24+00:00","twitter_card":"summary_large_image","twitter_misc":{"Est. reading time":"2 minutes"},"schema":{"@context":"https:\/\/schema.org","@graph":[{"@type":"WebPage","@id":"https:\/\/carlosgaraicoa.com\/en\/artista-x-artista\/","url":"https:\/\/carlosgaraicoa.com\/en\/artista-x-artista\/","name":"Artista x artista - Estudio Carlos Garaicoa","isPartOf":{"@id":"https:\/\/carlosgaraicoa.com\/en\/#website"},"primaryImageOfPage":{"@id":"https:\/\/carlosgaraicoa.com\/en\/artista-x-artista\/#primaryimage"},"image":{"@id":"https:\/\/carlosgaraicoa.com\/en\/artista-x-artista\/#primaryimage"},"thumbnailUrl":"https:\/\/carlosgaraicoa.com\/wp-content\/uploads\/2025\/05\/artistaxartista.svg","datePublished":"2025-05-07T09:34:25+00:00","dateModified":"2025-06-06T08:11:24+00:00","breadcrumb":{"@id":"https:\/\/carlosgaraicoa.com\/en\/artista-x-artista\/#breadcrumb"},"inLanguage":"en-US","potentialAction":[{"@type":"ReadAction","target":["https:\/\/carlosgaraicoa.com\/en\/artista-x-artista\/"]}]},{"@type":"ImageObject","inLanguage":"en-US","@id":"https:\/\/carlosgaraicoa.com\/en\/artista-x-artista\/#primaryimage","url":"https:\/\/carlosgaraicoa.com\/wp-content\/uploads\/2025\/05\/artistaxartista.svg","contentUrl":"https:\/\/carlosgaraicoa.com\/wp-content\/uploads\/2025\/05\/artistaxartista.svg"},{"@type":"BreadcrumbList","@id":"https:\/\/carlosgaraicoa.com\/en\/artista-x-artista\/#breadcrumb","itemListElement":[{"@type":"ListItem","position":1,"name":"Portada","item":"https:\/\/carlosgaraicoa.com\/en\/"},{"@type":"ListItem","position":2,"name":"Artista x artista"}]},{"@type":"WebSite","@id":"https:\/\/carlosgaraicoa.com\/en\/#website","url":"https:\/\/carlosgaraicoa.com\/en\/","name":"Estudio Carlos Garaicoa","description":"","publisher":{"@id":"https:\/\/carlosgaraicoa.com\/en\/#organization"},"potentialAction":[{"@type":"SearchAction","target":{"@type":"EntryPoint","urlTemplate":"https:\/\/carlosgaraicoa.com\/en\/?s={search_term_string}"},"query-input":{"@type":"PropertyValueSpecification","valueRequired":true,"valueName":"search_term_string"}}],"inLanguage":"en-US"},{"@type":"Organization","@id":"https:\/\/carlosgaraicoa.com\/en\/#organization","name":"Estudio Carlos Garaicoa","url":"https:\/\/carlosgaraicoa.com\/en\/","logo":{"@type":"ImageObject","inLanguage":"en-US","@id":"https:\/\/carlosgaraicoa.com\/en\/#\/schema\/logo\/image\/","url":"https:\/\/carlosgaraicoa.com\/wp-content\/uploads\/2025\/04\/Group-25.png","contentUrl":"https:\/\/carlosgaraicoa.com\/wp-content\/uploads\/2025\/04\/Group-25.png","width":167,"height":45,"caption":"Estudio Carlos Garaicoa"},"image":{"@id":"https:\/\/carlosgaraicoa.com\/en\/#\/schema\/logo\/image\/"}}]}},"_links":{"self":[{"href":"https:\/\/carlosgaraicoa.com\/en\/wp-json\/wp\/v2\/pages\/4892","targetHints":{"allow":["GET"]}}],"collection":[{"href":"https:\/\/carlosgaraicoa.com\/en\/wp-json\/wp\/v2\/pages"}],"about":[{"href":"https:\/\/carlosgaraicoa.com\/en\/wp-json\/wp\/v2\/types\/page"}],"author":[{"embeddable":true,"href":"https:\/\/carlosgaraicoa.com\/en\/wp-json\/wp\/v2\/users\/1"}],"replies":[{"embeddable":true,"href":"https:\/\/carlosgaraicoa.com\/en\/wp-json\/wp\/v2\/comments?post=4892"}],"version-history":[{"count":1,"href":"https:\/\/carlosgaraicoa.com\/en\/wp-json\/wp\/v2\/pages\/4892\/revisions"}],"predecessor-version":[{"id":4895,"href":"https:\/\/carlosgaraicoa.com\/en\/wp-json\/wp\/v2\/pages\/4892\/revisions\/4895"}],"wp:attachment":[{"href":"https:\/\/carlosgaraicoa.com\/en\/wp-json\/wp\/v2\/media?parent=4892"}],"curies":[{"name":"wp","href":"https:\/\/api.w.org\/{rel}","templated":true}]}}