{"id":4871,"date":"2025-04-22T15:23:07","date_gmt":"2025-04-22T13:23:07","guid":{"rendered":"https:\/\/carlosgaraicoa.com\/carlos-garaicoa\/"},"modified":"2025-06-06T09:58:39","modified_gmt":"2025-06-06T07:58:39","slug":"carlos-garaicoa","status":"publish","type":"page","link":"https:\/\/carlosgaraicoa.com\/en\/carlos-garaicoa\/","title":{"rendered":"Carlos Garaicoa"},"content":{"rendered":"\t\t<div data-elementor-type=\"wp-page\" data-elementor-id=\"4871\" class=\"elementor elementor-4871 elementor-522\" data-elementor-post-type=\"page\">\n\t\t\t\t<div class=\"elementor-element elementor-element-42080d3 e-con-full e-flex e-con e-parent\" data-id=\"42080d3\" data-element_type=\"container\" data-e-type=\"container\">\n\t\t<div class=\"elementor-element elementor-element-5bde370 e-con-full e-flex e-con e-child\" data-id=\"5bde370\" data-element_type=\"container\" data-e-type=\"container\">\n\t\t\t\t<div class=\"elementor-element elementor-element-97b7811 elementor-widget elementor-widget-heading\" data-id=\"97b7811\" data-element_type=\"widget\" data-e-type=\"widget\" data-widget_type=\"heading.default\">\n\t\t\t\t<div class=\"elementor-widget-container\">\n\t\t\t\t\t<h1 class=\"elementor-heading-title elementor-size-default\">Carlos Garaicoa<\/h1>\t\t\t\t<\/div>\n\t\t\t\t<\/div>\n\t\t\t\t<div class=\"elementor-element elementor-element-5129077 elementor-widget elementor-widget-heading\" data-id=\"5129077\" data-element_type=\"widget\" data-e-type=\"widget\" data-widget_type=\"heading.default\">\n\t\t\t\t<div class=\"elementor-widget-container\">\n\t\t\t\t\t<p class=\"elementor-heading-title elementor-size-default\">(La Habana, 1967)<\/p>\t\t\t\t<\/div>\n\t\t\t\t<\/div>\n\t\t\t\t<div class=\"elementor-element elementor-element-cd8787c elementor-widget elementor-widget-text-editor\" data-id=\"cd8787c\" data-element_type=\"widget\" data-e-type=\"widget\" data-widget_type=\"text-editor.default\">\n\t\t\t\t<div class=\"elementor-widget-container\">\n\t\t\t\t\t\t\t\t\t<p>Carlos Garaicoa (Havana, 1967) studied thermodynamics and later painting at the Instituto Superior de Arte de La Habana (1989 &#8211; 1994). He currently lives and works between Havana and Madrid. Together with his wife, he founded the artist-in-residence project Artista x Artista in Havana.<\/p><p>Garaicoa has developed a dialogue between art and urban space through which he investigates the social structure of our cities in terms of their architecture. He employs a multidisciplinary approach to address cultural and political issues through the study of architecture, urbanism and history.<\/p><p>Among his most recent solo exhibitions are: Toda utop\u00eda pasa por la barriga, Centro Atl\u00e1ntico de Arte Moderno (CAAM), Gran Canaria and Es Baluard Museu d&#8217;Art Contemporani de Palma, Spain (2024); Ascoltare il volo degli uccelli, Rocca Maggiore, Assisi, Italy (2024); Oratorio, Oratorio San Filippo Neri, Bologna, Italy (2022); So\u00f1amos en la superficie rayada de un cristal, Wellbeing Summit Week, Bilbao, Spain (installation) (2022); Partitura, PEM Peadoby Essex Museum, Salem, USA (2021). Other solo shows have been presented at SCAD Museum of Art, Savannah (2020); Lunds Konsthall and Skissernass Museum, Lund (2019); Parasol Unit Foundation, London (2018); Fondazione Merz, Turin (2017); MAAT, Lisbon (2017); Azkuna Zentroa, Bilbao (2017); Museum Villa Stuck, Munich (2016); Nasjonalmuseet, Oslo (2015); CA2M Centro de Arte Dos de Mayo, M\u00f3stoles, Madrid (2014); Fundaci\u00f3n Bot\u00edn, Santander (2014).<\/p><p>He has recently received the PEM 2021 Award (Peabody Essex Museum, Salem, USA). In 2005 he received the XXXIX International Prize for Contemporary Art &#8211; Prince Pierre de Monaco Foundation, and the Katherine S. Marmor Award in Los Angeles.<\/p>\t\t\t\t\t\t\t\t<\/div>\n\t\t\t\t<\/div>\n\t\t\t\t<div class=\"elementor-element elementor-element-8ba557b elementor-widget elementor-widget-text-editor\" data-id=\"8ba557b\" data-element_type=\"widget\" data-e-type=\"widget\" data-widget_type=\"text-editor.default\">\n\t\t\t\t<div class=\"elementor-widget-container\">\n\t\t\t\t\t\t\t\t\t<p><a href=\"https:\/\/carlosgaraicoa.com\/wp-content\/uploads\/2025\/04\/CV-Garaicoa.pdf\"><span style=\"text-decoration: underline;\">Download CV<\/span><\/a><\/p>\t\t\t\t\t\t\t\t<\/div>\n\t\t\t\t<\/div>\n\t\t\t\t<\/div>\n\t\t<div class=\"elementor-element elementor-element-b716b3c e-con-full e-flex e-con e-child\" data-id=\"b716b3c\" data-element_type=\"container\" data-e-type=\"container\" data-settings=\"{&quot;background_background&quot;:&quot;classic&quot;}\">\n\t\t\t\t<\/div>\n\t\t\t\t<\/div>\n\t\t\t\t<\/div>\n\t\t","protected":false},"excerpt":{"rendered":"<p>Carlos Garaicoa (La Habana, 1967) Carlos Garaicoa (Havana, 1967) studied thermodynamics and later painting at the Instituto Superior de Arte de La Habana (1989 &#8211; 1994). He currently lives and works between Havana and Madrid. Together with his wife, he founded the artist-in-residence project Artista x Artista in Havana. Garaicoa has developed a dialogue between [&hellip;]<\/p>\n","protected":false},"author":2,"featured_media":0,"parent":0,"menu_order":0,"comment_status":"closed","ping_status":"closed","template":"","meta":{"_acf_changed":false,"footnotes":""},"class_list":["post-4871","page","type-page","status-publish","hentry"],"acf":[],"yoast_head":"<!-- This site is optimized with the Yoast SEO plugin v27.2 - https:\/\/yoast.com\/product\/yoast-seo-wordpress\/ -->\n<title>Carlos Garaicoa - Estudio Carlos Garaicoa<\/title>\n<meta name=\"robots\" content=\"index, follow, max-snippet:-1, max-image-preview:large, max-video-preview:-1\" \/>\n<link rel=\"canonical\" href=\"https:\/\/carlosgaraicoa.com\/en\/carlos-garaicoa\/\" \/>\n<meta property=\"og:locale\" content=\"en_US\" \/>\n<meta property=\"og:type\" content=\"article\" \/>\n<meta property=\"og:title\" content=\"Carlos Garaicoa - Estudio Carlos Garaicoa\" \/>\n<meta property=\"og:description\" content=\"Carlos Garaicoa (La Habana, 1967) Carlos Garaicoa (Havana, 1967) studied thermodynamics and later painting at the Instituto Superior de Arte de La Habana (1989 &#8211; 1994). He currently lives and works between Havana and Madrid. Together with his wife, he founded the artist-in-residence project Artista x Artista in Havana. Garaicoa has developed a dialogue between [&hellip;]\" \/>\n<meta property=\"og:url\" content=\"https:\/\/carlosgaraicoa.com\/en\/carlos-garaicoa\/\" \/>\n<meta property=\"og:site_name\" content=\"Estudio Carlos Garaicoa\" \/>\n<meta property=\"article:modified_time\" content=\"2025-06-06T07:58:39+00:00\" \/>\n<meta name=\"twitter:card\" content=\"summary_large_image\" \/>\n<meta name=\"twitter:label1\" content=\"Est. reading time\" \/>\n\t<meta name=\"twitter:data1\" content=\"1 minute\" \/>\n<script type=\"application\/ld+json\" class=\"yoast-schema-graph\">{\"@context\":\"https:\/\/schema.org\",\"@graph\":[{\"@type\":\"WebPage\",\"@id\":\"https:\/\/carlosgaraicoa.com\/en\/carlos-garaicoa\/\",\"url\":\"https:\/\/carlosgaraicoa.com\/en\/carlos-garaicoa\/\",\"name\":\"Carlos Garaicoa - Estudio Carlos Garaicoa\",\"isPartOf\":{\"@id\":\"https:\/\/carlosgaraicoa.com\/en\/#website\"},\"datePublished\":\"2025-04-22T13:23:07+00:00\",\"dateModified\":\"2025-06-06T07:58:39+00:00\",\"breadcrumb\":{\"@id\":\"https:\/\/carlosgaraicoa.com\/en\/carlos-garaicoa\/#breadcrumb\"},\"inLanguage\":\"en-US\",\"potentialAction\":[{\"@type\":\"ReadAction\",\"target\":[\"https:\/\/carlosgaraicoa.com\/en\/carlos-garaicoa\/\"]}]},{\"@type\":\"BreadcrumbList\",\"@id\":\"https:\/\/carlosgaraicoa.com\/en\/carlos-garaicoa\/#breadcrumb\",\"itemListElement\":[{\"@type\":\"ListItem\",\"position\":1,\"name\":\"Portada\",\"item\":\"https:\/\/carlosgaraicoa.com\/en\/\"},{\"@type\":\"ListItem\",\"position\":2,\"name\":\"Carlos Garaicoa\"}]},{\"@type\":\"WebSite\",\"@id\":\"https:\/\/carlosgaraicoa.com\/en\/#website\",\"url\":\"https:\/\/carlosgaraicoa.com\/en\/\",\"name\":\"Estudio Carlos Garaicoa\",\"description\":\"\",\"publisher\":{\"@id\":\"https:\/\/carlosgaraicoa.com\/en\/#organization\"},\"potentialAction\":[{\"@type\":\"SearchAction\",\"target\":{\"@type\":\"EntryPoint\",\"urlTemplate\":\"https:\/\/carlosgaraicoa.com\/en\/?s={search_term_string}\"},\"query-input\":{\"@type\":\"PropertyValueSpecification\",\"valueRequired\":true,\"valueName\":\"search_term_string\"}}],\"inLanguage\":\"en-US\"},{\"@type\":\"Organization\",\"@id\":\"https:\/\/carlosgaraicoa.com\/en\/#organization\",\"name\":\"Estudio Carlos Garaicoa\",\"url\":\"https:\/\/carlosgaraicoa.com\/en\/\",\"logo\":{\"@type\":\"ImageObject\",\"inLanguage\":\"en-US\",\"@id\":\"https:\/\/carlosgaraicoa.com\/en\/#\/schema\/logo\/image\/\",\"url\":\"https:\/\/carlosgaraicoa.com\/wp-content\/uploads\/2025\/04\/Group-25.png\",\"contentUrl\":\"https:\/\/carlosgaraicoa.com\/wp-content\/uploads\/2025\/04\/Group-25.png\",\"width\":167,\"height\":45,\"caption\":\"Estudio Carlos Garaicoa\"},\"image\":{\"@id\":\"https:\/\/carlosgaraicoa.com\/en\/#\/schema\/logo\/image\/\"}}]}<\/script>\n<!-- \/ Yoast SEO plugin. -->","yoast_head_json":{"title":"Carlos Garaicoa - Estudio Carlos Garaicoa","robots":{"index":"index","follow":"follow","max-snippet":"max-snippet:-1","max-image-preview":"max-image-preview:large","max-video-preview":"max-video-preview:-1"},"canonical":"https:\/\/carlosgaraicoa.com\/en\/carlos-garaicoa\/","og_locale":"en_US","og_type":"article","og_title":"Carlos Garaicoa - Estudio Carlos Garaicoa","og_description":"Carlos Garaicoa (La Habana, 1967) Carlos Garaicoa (Havana, 1967) studied thermodynamics and later painting at the Instituto Superior de Arte de La Habana (1989 &#8211; 1994). He currently lives and works between Havana and Madrid. Together with his wife, he founded the artist-in-residence project Artista x Artista in Havana. Garaicoa has developed a dialogue between [&hellip;]","og_url":"https:\/\/carlosgaraicoa.com\/en\/carlos-garaicoa\/","og_site_name":"Estudio Carlos Garaicoa","article_modified_time":"2025-06-06T07:58:39+00:00","twitter_card":"summary_large_image","twitter_misc":{"Est. reading time":"1 minute"},"schema":{"@context":"https:\/\/schema.org","@graph":[{"@type":"WebPage","@id":"https:\/\/carlosgaraicoa.com\/en\/carlos-garaicoa\/","url":"https:\/\/carlosgaraicoa.com\/en\/carlos-garaicoa\/","name":"Carlos Garaicoa - Estudio Carlos Garaicoa","isPartOf":{"@id":"https:\/\/carlosgaraicoa.com\/en\/#website"},"datePublished":"2025-04-22T13:23:07+00:00","dateModified":"2025-06-06T07:58:39+00:00","breadcrumb":{"@id":"https:\/\/carlosgaraicoa.com\/en\/carlos-garaicoa\/#breadcrumb"},"inLanguage":"en-US","potentialAction":[{"@type":"ReadAction","target":["https:\/\/carlosgaraicoa.com\/en\/carlos-garaicoa\/"]}]},{"@type":"BreadcrumbList","@id":"https:\/\/carlosgaraicoa.com\/en\/carlos-garaicoa\/#breadcrumb","itemListElement":[{"@type":"ListItem","position":1,"name":"Portada","item":"https:\/\/carlosgaraicoa.com\/en\/"},{"@type":"ListItem","position":2,"name":"Carlos Garaicoa"}]},{"@type":"WebSite","@id":"https:\/\/carlosgaraicoa.com\/en\/#website","url":"https:\/\/carlosgaraicoa.com\/en\/","name":"Estudio Carlos Garaicoa","description":"","publisher":{"@id":"https:\/\/carlosgaraicoa.com\/en\/#organization"},"potentialAction":[{"@type":"SearchAction","target":{"@type":"EntryPoint","urlTemplate":"https:\/\/carlosgaraicoa.com\/en\/?s={search_term_string}"},"query-input":{"@type":"PropertyValueSpecification","valueRequired":true,"valueName":"search_term_string"}}],"inLanguage":"en-US"},{"@type":"Organization","@id":"https:\/\/carlosgaraicoa.com\/en\/#organization","name":"Estudio Carlos Garaicoa","url":"https:\/\/carlosgaraicoa.com\/en\/","logo":{"@type":"ImageObject","inLanguage":"en-US","@id":"https:\/\/carlosgaraicoa.com\/en\/#\/schema\/logo\/image\/","url":"https:\/\/carlosgaraicoa.com\/wp-content\/uploads\/2025\/04\/Group-25.png","contentUrl":"https:\/\/carlosgaraicoa.com\/wp-content\/uploads\/2025\/04\/Group-25.png","width":167,"height":45,"caption":"Estudio Carlos Garaicoa"},"image":{"@id":"https:\/\/carlosgaraicoa.com\/en\/#\/schema\/logo\/image\/"}}]}},"_links":{"self":[{"href":"https:\/\/carlosgaraicoa.com\/en\/wp-json\/wp\/v2\/pages\/4871","targetHints":{"allow":["GET"]}}],"collection":[{"href":"https:\/\/carlosgaraicoa.com\/en\/wp-json\/wp\/v2\/pages"}],"about":[{"href":"https:\/\/carlosgaraicoa.com\/en\/wp-json\/wp\/v2\/types\/page"}],"author":[{"embeddable":true,"href":"https:\/\/carlosgaraicoa.com\/en\/wp-json\/wp\/v2\/users\/2"}],"replies":[{"embeddable":true,"href":"https:\/\/carlosgaraicoa.com\/en\/wp-json\/wp\/v2\/comments?post=4871"}],"version-history":[{"count":1,"href":"https:\/\/carlosgaraicoa.com\/en\/wp-json\/wp\/v2\/pages\/4871\/revisions"}],"predecessor-version":[{"id":4874,"href":"https:\/\/carlosgaraicoa.com\/en\/wp-json\/wp\/v2\/pages\/4871\/revisions\/4874"}],"wp:attachment":[{"href":"https:\/\/carlosgaraicoa.com\/en\/wp-json\/wp\/v2\/media?parent=4871"}],"curies":[{"name":"wp","href":"https:\/\/api.w.org\/{rel}","templated":true}]}}